{"id":1297,"date":"2020-03-02T21:59:37","date_gmt":"2020-03-02T21:59:37","guid":{"rendered":"https:\/\/peholidays.portugalrent.ru\/?page_id=1297"},"modified":"2021-04-17T18:22:00","modified_gmt":"2021-04-17T17:22:00","slug":"trouvez-votre-maison","status":"publish","type":"page","link":"https:\/\/portugalestateholidays.com\/fr\/trouvez-votre-maison\/","title":{"rendered":"Trouvez votre maison"},"content":{"rendered":"\n<p>R\u00e9server votre villa ou appartement de r\u00eave avec la soci\u00e9t\u00e9 PortugalEstateHolidays est vraiment rapide et s\u00fbr. Il vous suffit de d\u00e9finir les dates d&#8217;arriv\u00e9e et de d\u00e9part, de consulter la description, de choisir votre villa, de fournir les d\u00e9tails de la r\u00e9servation et de payer en ligne! Vos vacances parfaites sont \u00e0 quelques clics!<\/p>\n\n\n\n<div class=\"mphb_sc_search-wrapper \">\r\n<form method=\"GET\" class=\"mphb_sc_search-form\" action=\"https:\/\/portugalestateholidays.com\/fr\/resultats-de-recherche\/\">\r\r\n\r\r\n\t\r\n<p class = \"mphb-required-fields-tip\">\r\r\n\t<small>\r\r\n\t\tLes champs obligatoires sont suivis de\r\n\t\t<abbr title=\"required\">*<\/abbr>\r\r\n\t<\/small>\r\r\n<\/p>\r\n\r\r\n\t<p class=\"mphb_sc_search-check-in-date\">\r\r\n\t\t<label for=\"mphb_check_in_date-mphb-search-form-69dbef6ea589c\">\r\r\n\t\t\tArriv\u00e9e\r\n\t\t\t<abbr title=\"Format\u00e9 comme dd\/mm\/yyyy\">*<\/abbr>\r\r\n\t\t<\/label>\r\r\n\t\t<br \/>\r\r\n\t\t<input\r\r\n\t\t\tid=\"mphb_check_in_date-mphb-search-form-69dbef6ea589c\"\r\r\n\t\t\tdata-datepick-group=\"mphb-search-form-69dbef6ea589c\"\r\r\n\t\t\tvalue=\"\"\r\r\n\t\t\tplaceholder=\"Date d'arriv\u00e9e\"\r\r\n\t\t\trequired=\"required\"\r\r\n\t\t\ttype=\"text\"\r\r\n\t\t\tname=\"mphb_check_in_date\"\r\r\n\t\t\tclass=\"mphb-datepick\"\r\r\n\t\t\tautocomplete=\"off\"\r\r\n\t\t\t\/>\r\r\n\t<\/p>\r\r\n\r\r\n\t<p class=\"mphb_sc_search-check-out-date\">\r\r\n\t\t<label for=\"mphb_check_out_date-mphb-search-form-69dbef6ea589c\">\r\r\n\t\t\tD\u00e9part\r\n\t\t\t<abbr title=\"Format\u00e9 comme dd\/mm\/yyyy\">*<\/abbr>\r\r\n\t\t<\/label>\r\r\n\t\t<br \/>\r\r\n\t\t<input\r\r\n\t\t\tid=\"mphb_check_out_date-mphb-search-form-69dbef6ea589c\"\r\r\n\t\t\tdata-datepick-group=\"mphb-search-form-69dbef6ea589c\"\r\r\n\t\t\tvalue=\"\"\r\r\n\t\t\tplaceholder=\"Date de d\u00e9part\"\r\r\n\t\t\trequired=\"required\"\r\r\n\t\t\ttype=\"text\"\r\r\n\t\t\tname=\"mphb_check_out_date\"\r\r\n\t\t\tclass=\"mphb-datepick\"\r\r\n\t\t\tautocomplete=\"off\"\r\r\n\t\t\t\/>\r\r\n\t<\/p>\r\r\n\r\r\n\t\r\n\t\t<p class=\"mphb_sc_search-adults\">\r\r\n\t\t\t<label for=\"mphb_adults-mphb-search-form-69dbef6ea589c\">\r\r\n\t\t\t\tInvit\u00e9s\r\n\t\t\t<\/label>\r\r\n\t\t\t<br \/>\r\r\n\t\t\t<select id=\"mphb_adults-mphb-search-form-69dbef6ea589c\" name=\"mphb_adults\" >\r\r\n\t\t\t\t\r\n\t\t\t\t\t<option value=\"1\"  selected='selected'>1<\/option>\r\r\n\t\t\t\t\r\n\t\t\t\t\t<option value=\"2\" >2<\/option>\r\r\n\t\t\t\t\r\n\t\t\t\t\t<option value=\"3\" >3<\/option>\r\r\n\t\t\t\t\r\n\t\t\t\t\t<option value=\"4\" >4<\/option>\r\r\n\t\t\t\t\r\n\t\t\t\t\t<option value=\"5\" >5<\/option>\r\r\n\t\t\t\t\r\n\t\t\t\t\t<option value=\"6\" >6<\/option>\r\r\n\t\t\t\t\r\n\t\t\t\t\t<option value=\"7\" >7<\/option>\r\r\n\t\t\t\t\r\n\t\t\t\t\t<option value=\"8\" >8<\/option>\r\r\n\t\t\t\t\r\n\t\t\t\t\t<option value=\"9\" >9<\/option>\r\r\n\t\t\t\t\r\n\t\t\t\t\t<option value=\"10\" >10<\/option>\r\r\n\t\t\t\t\r\n\t\t\t\t\t<option value=\"11\" >11<\/option>\r\r\n\t\t\t\t\r\n\t\t\t\t\t<option value=\"12\" >12<\/option>\r\r\n\t\t\t\t\r\n\t\t\t\t\t<option value=\"13\" >13<\/option>\r\r\n\t\t\t\t\r\n\t\t\t\t\t<option value=\"14\" >14<\/option>\r\r\n\t\t\t\t\r\n\t\t\t\t\t<option value=\"15\" >15<\/option>\r\r\n\t\t\t\t\r\n\t\t\t\t\t<option value=\"16\" >16<\/option>\r\r\n\t\t\t\t\r\n\t\t\t\t\t<option value=\"17\" >17<\/option>\r\r\n\t\t\t\t\r\n\t\t\t\t\t<option value=\"18\" >18<\/option>\r\r\n\t\t\t\t\r\n\t\t\t\t\t<option value=\"19\" >19<\/option>\r\r\n\t\t\t\t\r\n\t\t\t\t\t<option value=\"20\" >20<\/option>\r\r\n\t\t\t\t\r\n\t\t\t\t\t<option value=\"21\" >21<\/option>\r\r\n\t\t\t\t\r\n\t\t\t\t\t<option value=\"22\" >22<\/option>\r\r\n\t\t\t\t\r\n\t\t\t\t\t<option value=\"23\" >23<\/option>\r\r\n\t\t\t\t\r\n\t\t\t\t\t<option value=\"24\" >24<\/option>\r\r\n\t\t\t\t\r\n\t\t\t\t\t<option value=\"25\" >25<\/option>\r\r\n\t\t\t\t\r\n\t\t\t\t\t<option value=\"26\" >26<\/option>\r\r\n\t\t\t\t\r\n\t\t\t\t\t<option value=\"27\" >27<\/option>\r\r\n\t\t\t\t\r\n\t\t\t\t\t<option value=\"28\" >28<\/option>\r\r\n\t\t\t\t\r\n\t\t\t\t\t<option value=\"29\" >29<\/option>\r\r\n\t\t\t\t\r\n\t\t\t\t\t<option value=\"30\" >30<\/option>\r\r\n\t\t\t\t\r\n\t\t\t<\/select>\r\r\n\t\t<\/p>\r\r\n\t\r\n\r\r\n\t\r\n\t\t<input type=\"hidden\" id=\"mphb_children-mphb-search-form-69dbef6ea589c\" name=\"mphb_children\" value=\"0\" \/>\r\r\n\t\r\n\r\r\n\t\r\n\r\r\n\t\r\n\r\r\n\t<input id=\"mphb_check_in_date-mphb-search-form-69dbef6ea589c-hidden\" value=\"\" type=\"hidden\" name=\"mphb_check_in_date\" \/><input id=\"mphb_check_out_date-mphb-search-form-69dbef6ea589c-hidden\" value=\"\" type=\"hidden\" name=\"mphb_check_out_date\" \/>\r\n\r\r\n\t<p class=\"mphb_sc_search-submit-button-wrapper\">\r\r\n\t\t<input type=\"submit\" class=\"button\" value=\"Chercher\"\/>\r\r\n\t<\/p>\r\r\n\r\r\n\t\r\n\r\r\n<\/form><\/div>\n","protected":false},"excerpt":{"rendered":"R\u00e9server votre villa ou appartement de r\u00eave avec la soci\u00e9t\u00e9 PortugalEstateHolidays est vraiment rapide et s\u00fbr. Il vous suffit de d\u00e9finir les dates d&#8217;arriv\u00e9e et de d\u00e9part, de consulter la description, de choisir votre villa, de fournir les d\u00e9tails de la r\u00e9servation et de payer en ligne! Vos vacances parfaites sont \u00e0 quelques clics!","protected":false},"author":1,"featured_media":15,"parent":0,"menu_order":0,"comment_status":"closed","ping_status":"closed","template":"template-full-width-page.php","meta":{"spay_email":""},"aioseo_notices":[],"jetpack-related-posts":[{"id":1271,"url":"https:\/\/portugalestateholidays.com\/fr\/","url_meta":{"origin":1297,"position":0},"title":"L&#8217;expert en location de villas et d&#8217;appartements pour vos vacances","date":"02.03.2020","format":false,"excerpt":"PortugalEstateHolidays propose diverses villas et appartements dans diff\u00e9rentes r\u00e9gions pour vous aider \u00e0 passer vos vacances de r\u00eave. R\u00e9servez votre villa ou appartement en ligne rapidement et en toute s\u00e9curit\u00e9. Guest Reviews [testimonials columns=\"3\"]","rel":"","context":"Article similaire","img":{"alt_text":"","src":"https:\/\/i0.wp.com\/portugalestateholidays.com\/wp-content\/uploads\/2021\/04\/Logo-PEH-Google-Facebook.jpg?resize=350%2C200&ssl=1","width":350,"height":200},"classes":[]},{"id":1349,"url":"https:\/\/portugalestateholidays.com\/fr\/confirmation-de-reservation\/annulation-de-reservation\/","url_meta":{"origin":1297,"position":1},"title":"Page d&#8217;annulation de r\u00e9servation","date":"03.03.2020","format":false,"excerpt":"Votre r\u00e9servation est annul\u00e9e.","rel":"","context":"Article similaire","img":{"alt_text":"","src":"","width":0,"height":0},"classes":[]},{"id":1352,"url":"https:\/\/portugalestateholidays.com\/fr\/confirmation-de-reservation\/reservation-confirmee\/","url_meta":{"origin":1297,"position":2},"title":"R\u00e9servation confirm\u00e9e","date":"03.03.2020","format":false,"excerpt":"Nous sommes heureux de vous informer que votre demande de r\u00e9servation a \u00e9t\u00e9 re\u00e7ue et confirm\u00e9e.","rel":"","context":"Article similaire","img":{"alt_text":"","src":"","width":0,"height":0},"classes":[]},{"id":1283,"url":"https:\/\/portugalestateholidays.com\/pt-pt\/atividades\/excursao-de-barco-em-capri-saindo-de-sorrento\/","url_meta":{"origin":1297,"position":3},"title":"Excurs\u00e3o de barco em Capri saindo de Sorrento","date":"02.03.2020","format":false,"excerpt":"Uma divers\u00e3o de barco e passeios? Descubra a fascinante ilha de Capri em um passeio de barco de dia inteiro partindo de Sorrento todos os dias! Para os visitantes da nossa vila, h\u00e1 ainda mais b\u00f4nus! <!--more--> Navegue pela ilha para apreciar vistas de forma\u00e7\u00f5es costeiras \u00fanicas, como as Grutas\u2026","rel":"","context":"Article similaire","img":{"alt_text":"","src":"https:\/\/i0.wp.com\/portugalestateholidays.com\/wp-content\/uploads\/2017\/06\/Depositphotos_76816855_original.jpg?resize=350%2C200&ssl=1","width":350,"height":200},"classes":[]},{"id":47,"url":"https:\/\/portugalestateholidays.com\/home\/","url_meta":{"origin":1297,"position":4},"title":"The villa and apartment rental expert for your vacation. Algarve Vacation Rentals","date":"09.06.2017","format":false,"excerpt":"PortugalEstateHolidays offers diverse\u00a0 villas and apartments in different regions to help you spend your dream vacation. Algarve Vacation Rentals You can find here. Book your villa or apartment online quickly and safely. Spend your holidays in the Algarve in comfort and safety. Choose your favorite beach, as well as Praia\u2026","rel":"","context":"Article similaire","img":{"alt_text":"","src":"https:\/\/i0.wp.com\/portugalestateholidays.com\/wp-content\/uploads\/2021\/04\/Logo-PEH-Google-Facebook.jpg?resize=350%2C200&ssl=1","width":350,"height":200},"classes":[]},{"id":1340,"url":"https:\/\/portugalestateholidays.com\/fr\/confirmation-de-reservation\/","url_meta":{"origin":1297,"position":5},"title":"Confirmation de r\u00e9servation","date":"03.03.2020","format":false,"excerpt":"","rel":"","context":"Article similaire","img":{"alt_text":"","src":"","width":0,"height":0},"classes":[]}],"amp_enabled":false,"_links":{"self":[{"href":"https:\/\/portugalestateholidays.com\/fr\/wp-json\/wp\/v2\/pages\/1297"}],"collection":[{"href":"https:\/\/portugalestateholidays.com\/fr\/wp-json\/wp\/v2\/pages"}],"about":[{"href":"https:\/\/portugalestateholidays.com\/fr\/wp-json\/wp\/v2\/types\/page"}],"author":[{"embeddable":true,"href":"https:\/\/portugalestateholidays.com\/fr\/wp-json\/wp\/v2\/users\/1"}],"replies":[{"embeddable":true,"href":"https:\/\/portugalestateholidays.com\/fr\/wp-json\/wp\/v2\/comments?post=1297"}],"version-history":[{"count":2,"href":"https:\/\/portugalestateholidays.com\/fr\/wp-json\/wp\/v2\/pages\/1297\/revisions"}],"predecessor-version":[{"id":5715,"href":"https:\/\/portugalestateholidays.com\/fr\/wp-json\/wp\/v2\/pages\/1297\/revisions\/5715"}],"wp:featuredmedia":[{"embeddable":true,"href":"https:\/\/portugalestateholidays.com\/fr\/wp-json\/wp\/v2\/media\/15"}],"wp:attachment":[{"href":"https:\/\/portugalestateholidays.com\/fr\/wp-json\/wp\/v2\/media?parent=1297"}],"curies":[{"name":"wp","href":"https:\/\/api.w.org\/{rel}","templated":true}]}}