{"id":1305,"date":"2020-03-02T22:11:06","date_gmt":"2020-03-02T22:11:06","guid":{"rendered":"https:\/\/peholidays.portugalrent.ru\/?page_id=1305"},"modified":"2020-03-02T22:11:08","modified_gmt":"2020-03-02T22:11:08","slug":"resultats-de-recherche","status":"publish","type":"page","link":"https:\/\/portugalestateholidays.com\/fr\/resultats-de-recherche\/","title":{"rendered":"R\u00e9sultats de recherche"},"content":{"rendered":"\n<div class=\"mphb_sc_search_results-wrapper \">\r\n<div class=\"mphb-errors-wrapper\">\r\r\n\t\r\n<\/div>\r\r\n\r\r\n<\/div>\n","protected":false},"excerpt":{"rendered":"","protected":false},"author":1,"featured_media":2342,"parent":0,"menu_order":0,"comment_status":"closed","ping_status":"closed","template":"","meta":{"spay_email":""},"aioseo_notices":[],"jetpack-related-posts":[{"id":1886,"url":"https:\/\/portugalestateholidays.com\/pt\/resultados-da-pesquisa\/","url_meta":{"origin":1305,"position":0},"title":"Resultados da pesquisa","date":"23.03.2021","format":false,"excerpt":"","rel":"","context":"Article similaire","img":{"alt_text":"","src":"https:\/\/i0.wp.com\/portugalestateholidays.com\/wp-content\/uploads\/2017\/06\/Envolvente-2.jpg?resize=350%2C200&ssl=1","width":350,"height":200},"classes":[]},{"id":1303,"url":"https:\/\/portugalestateholidays.com\/pt-pt\/resultados-da-pesquisa\/","url_meta":{"origin":1305,"position":1},"title":"Resultados da pesquisa","date":"02.03.2020","format":false,"excerpt":"","rel":"","context":"Article similaire","img":{"alt_text":"","src":"https:\/\/i0.wp.com\/portugalestateholidays.com\/wp-content\/uploads\/2017\/06\/Envolvente-2.jpg?resize=350%2C200&ssl=1","width":350,"height":200},"classes":[]},{"id":6,"url":"https:\/\/portugalestateholidays.com\/search-results\/","url_meta":{"origin":1305,"position":2},"title":"Properties available for holidays in the Algarve","date":"08.06.2017","format":false,"excerpt":"Booking your dream villa or apartment with PortugalEstateHolidays company is really fast and safe. Just set check-in and check-out dates, view the description, choose your villa, provide details for reservation and pay online! Your perfect vacation is several clicks away! Properties available for holidays in the Algarve.","rel":"","context":"Article similaire","img":{"alt_text":"","src":"https:\/\/i0.wp.com\/portugalestateholidays.com\/wp-content\/uploads\/2017\/06\/Envolvente-2.jpg?resize=350%2C200&ssl=1","width":350,"height":200},"classes":[]},{"id":1301,"url":"https:\/\/portugalestateholidays.com\/ru\/%d1%80%d0%b5%d0%b7%d1%83%d0%bb%d1%8c%d1%82%d0%b0%d1%82%d1%8b-%d0%bf%d0%be%d0%b8%d1%81%d0%ba%d0%b0\/","url_meta":{"origin":1305,"position":3},"title":"\u0420\u0435\u0437\u0443\u043b\u044c\u0442\u0430\u0442\u044b \u043f\u043e\u0438\u0441\u043a\u0430","date":"02.03.2020","format":false,"excerpt":"","rel":"","context":"Article similaire","img":{"alt_text":"","src":"https:\/\/i0.wp.com\/portugalestateholidays.com\/wp-content\/uploads\/2017\/06\/Envolvente-2.jpg?resize=350%2C200&ssl=1","width":350,"height":200},"classes":[]},{"id":1869,"url":"https:\/\/portugalestateholidays.com\/pt\/confirmacao-de-reserva\/pagina-de-cancelamento-de-reserva\/","url_meta":{"origin":1305,"position":4},"title":"P\u00e1gina de cancelamento de reserva","date":"23.03.2021","format":false,"excerpt":"A Sua reserva foi cancelada.","rel":"","context":"Article similaire","img":{"alt_text":"","src":"","width":0,"height":0},"classes":[]},{"id":1283,"url":"https:\/\/portugalestateholidays.com\/pt-pt\/atividades\/excursao-de-barco-em-capri-saindo-de-sorrento\/","url_meta":{"origin":1305,"position":5},"title":"Excurs\u00e3o de barco em Capri saindo de Sorrento","date":"02.03.2020","format":false,"excerpt":"Uma divers\u00e3o de barco e passeios? Descubra a fascinante ilha de Capri em um passeio de barco de dia inteiro partindo de Sorrento todos os dias! Para os visitantes da nossa vila, h\u00e1 ainda mais b\u00f4nus! <!--more--> Navegue pela ilha para apreciar vistas de forma\u00e7\u00f5es costeiras \u00fanicas, como as Grutas\u2026","rel":"","context":"Article similaire","img":{"alt_text":"","src":"https:\/\/i0.wp.com\/portugalestateholidays.com\/wp-content\/uploads\/2017\/06\/Depositphotos_76816855_original.jpg?resize=350%2C200&ssl=1","width":350,"height":200},"classes":[]}],"amp_enabled":true,"_links":{"self":[{"href":"https:\/\/portugalestateholidays.com\/fr\/wp-json\/wp\/v2\/pages\/1305"}],"collection":[{"href":"https:\/\/portugalestateholidays.com\/fr\/wp-json\/wp\/v2\/pages"}],"about":[{"href":"https:\/\/portugalestateholidays.com\/fr\/wp-json\/wp\/v2\/types\/page"}],"author":[{"embeddable":true,"href":"https:\/\/portugalestateholidays.com\/fr\/wp-json\/wp\/v2\/users\/1"}],"replies":[{"embeddable":true,"href":"https:\/\/portugalestateholidays.com\/fr\/wp-json\/wp\/v2\/comments?post=1305"}],"version-history":[{"count":1,"href":"https:\/\/portugalestateholidays.com\/fr\/wp-json\/wp\/v2\/pages\/1305\/revisions"}],"predecessor-version":[{"id":1306,"href":"https:\/\/portugalestateholidays.com\/fr\/wp-json\/wp\/v2\/pages\/1305\/revisions\/1306"}],"wp:featuredmedia":[{"embeddable":true,"href":"https:\/\/portugalestateholidays.com\/fr\/wp-json\/wp\/v2\/media\/2342"}],"wp:attachment":[{"href":"https:\/\/portugalestateholidays.com\/fr\/wp-json\/wp\/v2\/media?parent=1305"}],"curies":[{"name":"wp","href":"https:\/\/api.w.org\/{rel}","templated":true}]}}