{"id":1310,"date":"2020-03-02T22:15:10","date_gmt":"2020-03-02T22:15:10","guid":{"rendered":"https:\/\/peholidays.portugalrent.ru\/?page_id=1310"},"modified":"2020-03-04T14:01:15","modified_gmt":"2020-03-04T14:01:15","slug":"les-services","status":"publish","type":"page","link":"https:\/\/portugalestateholidays.com\/fr\/les-services\/","title":{"rendered":"Les services"},"content":{"rendered":"\n<div class=\"mphb_sc_services-wrapper \">\r\n<div class=\"mphb-service post-1384 mphb_room_service type-mphb_room_service status-publish has-post-thumbnail\">\r\r\n\r\r\n\t\r\n\r\r\n\r\n\r\r\n\t<p class=\"mphb-loop-service-thumbnail\"><a class=\"post-thumbnail\" href=\"https:\/\/portugalestateholidays.com\/fr\/service\/transferts-fao-alb-4\/\">\r\n\r\r\n\t<img width=\"470\" height=\"353\" src=\"https:\/\/portugalestateholidays.com\/wp-content\/uploads\/2017\/06\/airport-transfer.jpg\" class=\"attachment-villagio-thumb-small size-villagio-thumb-small wp-post-image\" alt=\"\" loading=\"lazy\" srcset=\"https:\/\/portugalestateholidays.com\/wp-content\/uploads\/2017\/06\/airport-transfer.jpg 470w, https:\/\/portugalestateholidays.com\/wp-content\/uploads\/2017\/06\/airport-transfer-300x225.jpg 300w\" sizes=\"(max-width: 470px) 100vw, 470px\" \/>\r\n\r\r\n\t<\/p><\/a>\r\n\r\r\n\r\n\r\r\n\r\r\n\r\n\r\r\n<h2 class=\"mphb-service-title\">\r\n\r\r\n<a href=\"https:\/\/portugalestateholidays.com\/fr\/service\/transferts-fao-alb-4\/\">Transferts priv\u00e9s de l&#8217;a\u00e9roport de Faro \u00e0 Albufeira &#8211; jusqu&#8217;\u00e0 4 personnes<\/a>\r\n\r\r\n<\/h2>\r\n\r\n\r\r\n\r\n\r\r\nNos transferts priv\u00e9s de l&#8217;a\u00e9roport de Faro \u00e0 Portim\u00e3o ont des tarifs fixes et repr\u00e9sentent un transport alternatif beaucoup plus rapide, plus accessible et sans tracas vers Portim\u00e3o. Un sympathique chauffeur vous attendra et vous accueillera dans le hall d&#8217;attente de l&#8217;a\u00e9roport de Faro. Il vous aidera avec tous vos bagages et vous guidera vers &hellip;\r\n\r\r\n\r\n\r\n\r\r\n<p class=\"mphb-price-wrapper\"><strong>Prix :<\/strong>\r\n\r\r\n<span class=\"mphb-price\">40<span class=\"mphb-currency\">&euro;<\/span><\/span> \/ Simple \/ Par chambre\r\n\r\r\n<\/p>\r\n<p class=\"more-link\"><a href=\"https:\/\/portugalestateholidays.com\/fr\/service\/transferts-fao-alb-4\/\" rel=\"bookmark\" class=\"button\">Read more<\/a><\/p>\r\n\r\r\n<\/div>\r\n<div class=\"mphb-service post-1335 mphb_room_service type-mphb_room_service status-publish has-post-thumbnail mphb-service-pay-per-night\">\r\r\n\r\r\n\t\r\n\r\r\n\r\n\r\r\n\t<p class=\"mphb-loop-service-thumbnail\"><a class=\"post-thumbnail\" href=\"https:\/\/portugalestateholidays.com\/fr\/service\/services-de-nettoyage\/\">\r\n\r\r\n\t<img width=\"717\" height=\"540\" src=\"https:\/\/portugalestateholidays.com\/wp-content\/uploads\/2017\/06\/Depositphotos_36310741_original-717x540.jpg\" class=\"attachment-villagio-thumb-small size-villagio-thumb-small wp-post-image\" alt=\"\" loading=\"lazy\" srcset=\"https:\/\/portugalestateholidays.com\/wp-content\/uploads\/2017\/06\/Depositphotos_36310741_original-717x540.jpg 717w, https:\/\/portugalestateholidays.com\/wp-content\/uploads\/2017\/06\/Depositphotos_36310741_original-300x225.jpg 300w, https:\/\/portugalestateholidays.com\/wp-content\/uploads\/2017\/06\/Depositphotos_36310741_original-1434x1080.jpg 1434w\" sizes=\"(max-width: 717px) 100vw, 717px\" \/>\r\n\r\r\n\t<\/p><\/a>\r\n\r\r\n\r\n\r\r\n\r\r\n\r\n\r\r\n<h2 class=\"mphb-service-title\">\r\n\r\r\n<a href=\"https:\/\/portugalestateholidays.com\/fr\/service\/services-de-nettoyage\/\">Services de nettoyage<\/a>\r\n\r\r\n<\/h2>\r\n\r\n\r\r\n\r\n\r\r\nToutes nos maisons sont nettoy\u00e9es r\u00e9guli\u00e8rement. Mais nous fournissons \u00e9galement des services de nettoyage suppl\u00e9mentaires sur demande &#8211; si vous en avez besoin, lorsque le nettoyage n&#8217;est pas pr\u00e9vu. Peu importe si un service est planifi\u00e9 ou r\u00e9serv\u00e9 \u00e0 l&#8217;avance, nous offrons des niveaux de propret\u00e9 extraordinaires et un service sup\u00e9rieur, de sorte que vous &hellip;\r\n\r\r\n\r\n\r\n\r\r\n<p class=\"mphb-price-wrapper\"><strong>Prix :<\/strong>\r\n\r\r\n<span class=\"mphb-price\">15<span class=\"mphb-currency\">&euro;<\/span><\/span> \/ Par jour \/ Par chambre\r\n\r\r\n<\/p>\r\n<p class=\"more-link\"><a href=\"https:\/\/portugalestateholidays.com\/fr\/service\/services-de-nettoyage\/\" rel=\"bookmark\" class=\"button\">Read more<\/a><\/p>\r\n\r\r\n<\/div>\r\n<div class=\"mphb-service post-1322 mphb_room_service type-mphb_room_service status-publish has-post-thumbnail\">\r\r\n\r\r\n\t\r\n\r\r\n\r\n\r\r\n\t<p class=\"mphb-loop-service-thumbnail\"><a class=\"post-thumbnail\" href=\"https:\/\/portugalestateholidays.com\/fr\/service\/transferts-fao-ptm-4\/\">\r\n\r\r\n\t<img width=\"470\" height=\"353\" src=\"https:\/\/portugalestateholidays.com\/wp-content\/uploads\/2017\/06\/airport-transfer.jpg\" class=\"attachment-villagio-thumb-small size-villagio-thumb-small wp-post-image\" alt=\"\" loading=\"lazy\" srcset=\"https:\/\/portugalestateholidays.com\/wp-content\/uploads\/2017\/06\/airport-transfer.jpg 470w, https:\/\/portugalestateholidays.com\/wp-content\/uploads\/2017\/06\/airport-transfer-300x225.jpg 300w\" sizes=\"(max-width: 470px) 100vw, 470px\" \/>\r\n\r\r\n\t<\/p><\/a>\r\n\r\r\n\r\n\r\r\n\r\r\n\r\n\r\r\n<h2 class=\"mphb-service-title\">\r\n\r\r\n<a href=\"https:\/\/portugalestateholidays.com\/fr\/service\/transferts-fao-ptm-4\/\">Transferts priv\u00e9s de l&#8217;a\u00e9roport de Faro \u00e0 Portim\u00e3o &#8211; jusqu&#8217;\u00e0 4 personnes<\/a>\r\n\r\r\n<\/h2>\r\n\r\n\r\r\n\r\n\r\r\nNos transferts priv\u00e9s de l&#8217;a\u00e9roport de Faro \u00e0 Portim\u00e3o ont des tarifs fixes et repr\u00e9sentent un transport alternatif beaucoup plus rapide, plus accessible et sans tracas vers Portim\u00e3o. Un sympathique chauffeur vous attendra et vous accueillera dans le hall d&#8217;attente de l&#8217;a\u00e9roport de Faro. Il vous aidera avec tous vos bagages et vous guidera vers &hellip;\r\n\r\r\n\r\n\r\n\r\r\n<p class=\"mphb-price-wrapper\"><strong>Prix :<\/strong>\r\n\r\r\n<span class=\"mphb-price\">60<span class=\"mphb-currency\">&euro;<\/span><\/span> \/ Simple \/ Par chambre\r\n\r\r\n<\/p>\r\n<p class=\"more-link\"><a href=\"https:\/\/portugalestateholidays.com\/fr\/service\/transferts-fao-ptm-4\/\" rel=\"bookmark\" class=\"button\">Read more<\/a><\/p>\r\n\r\r\n<\/div><\/div>\n","protected":false},"excerpt":{"rendered":"","protected":false},"author":1,"featured_media":0,"parent":0,"menu_order":0,"comment_status":"closed","ping_status":"closed","template":"template-grid-page.php","meta":{"spay_email":""},"aioseo_notices":[],"jetpack-related-posts":[{"id":119,"url":"https:\/\/portugalestateholidays.com\/services\/","url_meta":{"origin":1310,"position":0},"title":"Services","date":"14.06.2017","format":false,"excerpt":"","rel":"","context":"Article similaire","img":{"alt_text":"","src":"","width":0,"height":0},"classes":[]},{"id":1308,"url":"https:\/\/portugalestateholidays.com\/pt-pt\/servicos\/","url_meta":{"origin":1310,"position":1},"title":"Servi\u00e7os","date":"02.03.2020","format":false,"excerpt":"","rel":"","context":"Article similaire","img":{"alt_text":"","src":"","width":0,"height":0},"classes":[]},{"id":1859,"url":"https:\/\/portugalestateholidays.com\/pt\/servicos\/","url_meta":{"origin":1310,"position":2},"title":"Servi\u00e7os","date":"23.03.2021","format":false,"excerpt":"","rel":"","context":"Article similaire","img":{"alt_text":"","src":"","width":0,"height":0},"classes":[]},{"id":1313,"url":"https:\/\/portugalestateholidays.com\/ru\/%d1%81%d0%b5%d1%80%d0%b2%d0%b8%d1%81%d1%8b\/","url_meta":{"origin":1310,"position":3},"title":"\u0421\u0435\u0440\u0432\u0438\u0441\u044b","date":"02.03.2020","format":false,"excerpt":"","rel":"","context":"Article similaire","img":{"alt_text":"","src":"","width":0,"height":0},"classes":[]},{"id":131,"url":"https:\/\/portugalestateholidays.com\/activities\/wine-tour-at-le-marches-popular-wine-estate\/","url_meta":{"origin":1310,"position":4},"title":"Wine and Cheese Tour at Le Marche&#8217;s Popular Wine Estate","date":"14.06.2017","format":false,"excerpt":"Interested in an essential history lesson of Le Marche's wine culture? We have something winy and tasty for you - a guided tour within one of the region's oldest wineries, complete with wine tasting of native fine wines served alongside a selective platter of local meats and cheeses. So, you'll\u2026","rel":"","context":"Article similaire","img":{"alt_text":"","src":"https:\/\/i0.wp.com\/portugalestateholidays.com\/wp-content\/uploads\/2017\/06\/Depositphotos_46242691_original.jpg?resize=350%2C200&ssl=1","width":350,"height":200},"classes":[]},{"id":5700,"url":"https:\/\/portugalestateholidays.com\/fr\/toutes-les-maisons\/","url_meta":{"origin":1310,"position":5},"title":"Toutes les maisons","date":"17.04.2021","format":false,"excerpt":"","rel":"","context":"Article similaire","img":{"alt_text":"","src":"https:\/\/i0.wp.com\/portugalestateholidays.com\/wp-content\/uploads\/2017\/06\/Depositphotos_44386219_original.jpg?resize=350%2C200&ssl=1","width":350,"height":200},"classes":[]}],"amp_enabled":false,"_links":{"self":[{"href":"https:\/\/portugalestateholidays.com\/fr\/wp-json\/wp\/v2\/pages\/1310"}],"collection":[{"href":"https:\/\/portugalestateholidays.com\/fr\/wp-json\/wp\/v2\/pages"}],"about":[{"href":"https:\/\/portugalestateholidays.com\/fr\/wp-json\/wp\/v2\/types\/page"}],"author":[{"embeddable":true,"href":"https:\/\/portugalestateholidays.com\/fr\/wp-json\/wp\/v2\/users\/1"}],"replies":[{"embeddable":true,"href":"https:\/\/portugalestateholidays.com\/fr\/wp-json\/wp\/v2\/comments?post=1310"}],"version-history":[{"count":2,"href":"https:\/\/portugalestateholidays.com\/fr\/wp-json\/wp\/v2\/pages\/1310\/revisions"}],"predecessor-version":[{"id":1478,"href":"https:\/\/portugalestateholidays.com\/fr\/wp-json\/wp\/v2\/pages\/1310\/revisions\/1478"}],"wp:attachment":[{"href":"https:\/\/portugalestateholidays.com\/fr\/wp-json\/wp\/v2\/media?parent=1310"}],"curies":[{"name":"wp","href":"https:\/\/api.w.org\/{rel}","templated":true}]}}