{"id":1340,"date":"2020-03-03T01:12:40","date_gmt":"2020-03-03T01:12:40","guid":{"rendered":"https:\/\/peholidays.portugalrent.ru\/?page_id=1340"},"modified":"2020-03-03T01:12:42","modified_gmt":"2020-03-03T01:12:42","slug":"confirmation-de-reservation","status":"publish","type":"page","link":"https:\/\/portugalestateholidays.com\/fr\/confirmation-de-reservation\/","title":{"rendered":"Confirmation de r\u00e9servation"},"content":{"rendered":"\n<div class=\"mphb_sc_checkout-wrapper \"><\/div>\n","protected":false},"excerpt":{"rendered":"","protected":false},"author":1,"featured_media":0,"parent":0,"menu_order":0,"comment_status":"closed","ping_status":"closed","template":"","meta":{"spay_email":""},"aioseo_notices":[],"jetpack-related-posts":[{"id":1865,"url":"https:\/\/portugalestateholidays.com\/pt\/confirmacao-de-reserva\/","url_meta":{"origin":1340,"position":0},"title":"Confirma\u00e7\u00e3o de reserva","date":"23.03.2021","format":false,"excerpt":"","rel":"","context":"Article similaire","img":{"alt_text":"","src":"","width":0,"height":0},"classes":[]},{"id":1338,"url":"https:\/\/portugalestateholidays.com\/pt-pt\/confirmacao-de-reserva\/","url_meta":{"origin":1340,"position":1},"title":"Confirma\u00e7\u00e3o de reserva","date":"03.03.2020","format":false,"excerpt":"","rel":"","context":"Article similaire","img":{"alt_text":"","src":"","width":0,"height":0},"classes":[]},{"id":215,"url":"https:\/\/portugalestateholidays.com\/booking-confirmation\/","url_meta":{"origin":1340,"position":2},"title":"Booking Confirmation","date":"08.06.2017","format":false,"excerpt":"","rel":"","context":"Article similaire","img":{"alt_text":"","src":"","width":0,"height":0},"classes":[]},{"id":1349,"url":"https:\/\/portugalestateholidays.com\/fr\/confirmation-de-reservation\/annulation-de-reservation\/","url_meta":{"origin":1340,"position":3},"title":"Page d&#8217;annulation de r\u00e9servation","date":"03.03.2020","format":false,"excerpt":"Votre r\u00e9servation est annul\u00e9e.","rel":"","context":"Article similaire","img":{"alt_text":"","src":"","width":0,"height":0},"classes":[]},{"id":1352,"url":"https:\/\/portugalestateholidays.com\/fr\/confirmation-de-reservation\/reservation-confirmee\/","url_meta":{"origin":1340,"position":4},"title":"R\u00e9servation confirm\u00e9e","date":"03.03.2020","format":false,"excerpt":"Nous sommes heureux de vous informer que votre demande de r\u00e9servation a \u00e9t\u00e9 re\u00e7ue et confirm\u00e9e.","rel":"","context":"Article similaire","img":{"alt_text":"","src":"","width":0,"height":0},"classes":[]},{"id":1342,"url":"https:\/\/portugalestateholidays.com\/ru\/%d0%bf%d0%be%d0%b4%d1%82%d0%b2%d0%b5%d1%80%d0%b6%d0%b4%d0%b5%d0%bd%d0%b8%d0%b5-%d0%b1%d1%80%d0%be%d0%bd%d0%b8%d1%80%d0%be%d0%b2%d0%b0%d0%bd%d0%b8%d1%8f\/","url_meta":{"origin":1340,"position":5},"title":"\u041f\u043e\u0434\u0442\u0432\u0435\u0440\u0436\u0434\u0435\u043d\u0438\u0435 \u0431\u0440\u043e\u043d\u0438\u0440\u043e\u0432\u0430\u043d\u0438\u044f","date":"03.03.2020","format":false,"excerpt":"","rel":"","context":"Article similaire","img":{"alt_text":"","src":"","width":0,"height":0},"classes":[]}],"amp_enabled":true,"_links":{"self":[{"href":"https:\/\/portugalestateholidays.com\/fr\/wp-json\/wp\/v2\/pages\/1340"}],"collection":[{"href":"https:\/\/portugalestateholidays.com\/fr\/wp-json\/wp\/v2\/pages"}],"about":[{"href":"https:\/\/portugalestateholidays.com\/fr\/wp-json\/wp\/v2\/types\/page"}],"author":[{"embeddable":true,"href":"https:\/\/portugalestateholidays.com\/fr\/wp-json\/wp\/v2\/users\/1"}],"replies":[{"embeddable":true,"href":"https:\/\/portugalestateholidays.com\/fr\/wp-json\/wp\/v2\/comments?post=1340"}],"version-history":[{"count":1,"href":"https:\/\/portugalestateholidays.com\/fr\/wp-json\/wp\/v2\/pages\/1340\/revisions"}],"predecessor-version":[{"id":1341,"href":"https:\/\/portugalestateholidays.com\/fr\/wp-json\/wp\/v2\/pages\/1340\/revisions\/1341"}],"wp:attachment":[{"href":"https:\/\/portugalestateholidays.com\/fr\/wp-json\/wp\/v2\/media?parent=1340"}],"curies":[{"name":"wp","href":"https:\/\/api.w.org\/{rel}","templated":true}]}}