{"id":1352,"date":"2020-03-03T01:20:23","date_gmt":"2020-03-03T01:20:23","guid":{"rendered":"https:\/\/peholidays.portugalrent.ru\/?page_id=1352"},"modified":"2021-05-10T16:23:25","modified_gmt":"2021-05-10T15:23:25","slug":"reservation-confirmee","status":"publish","type":"page","link":"https:\/\/portugalestateholidays.com\/fr\/confirmation-de-reservation\/reservation-confirmee\/","title":{"rendered":"R\u00e9servation confirm\u00e9e"},"content":{"rendered":"<div class=\"mp-row-fluid motopress-row mpce-dsbl-margin-left mpce-dsbl-margin-right\">\n<div class=\"motopress-clmn mp-span12  mpce-dsbl-margin-left mpce-dsbl-margin-right\">\n<p>Nous sommes heureux de vous informer que votre demande de r\u00e9servation a \u00e9t\u00e9 re\u00e7ue et confirm\u00e9e.<\/p>\n<div class=\"mphb_sc_booking_confirmation\"><\/div>\n<\/div>\n<\/div>\n","protected":false},"excerpt":{"rendered":"Nous sommes heureux de vous informer que votre demande de r\u00e9servation a \u00e9t\u00e9 re\u00e7ue et confirm\u00e9e.","protected":false},"author":1,"featured_media":0,"parent":1340,"menu_order":0,"comment_status":"closed","ping_status":"closed","template":"","meta":{"spay_email":""},"aioseo_notices":[],"jetpack-related-posts":[{"id":1349,"url":"https:\/\/portugalestateholidays.com\/fr\/confirmation-de-reservation\/annulation-de-reservation\/","url_meta":{"origin":1352,"position":0},"title":"Page d&#8217;annulation de r\u00e9servation","date":"03.03.2020","format":false,"excerpt":"Votre r\u00e9servation est annul\u00e9e.","rel":"","context":"Article similaire","img":{"alt_text":"","src":"","width":0,"height":0},"classes":[]},{"id":1340,"url":"https:\/\/portugalestateholidays.com\/fr\/confirmation-de-reservation\/","url_meta":{"origin":1352,"position":1},"title":"Confirmation de r\u00e9servation","date":"03.03.2020","format":false,"excerpt":"","rel":"","context":"Article similaire","img":{"alt_text":"","src":"","width":0,"height":0},"classes":[]},{"id":1297,"url":"https:\/\/portugalestateholidays.com\/fr\/trouvez-votre-maison\/","url_meta":{"origin":1352,"position":2},"title":"Trouvez votre maison","date":"02.03.2020","format":false,"excerpt":"R\u00e9server votre villa ou appartement de r\u00eave avec la soci\u00e9t\u00e9 PortugalEstateHolidays est vraiment rapide et s\u00fbr. Il vous suffit de d\u00e9finir les dates d'arriv\u00e9e et de d\u00e9part, de consulter la description, de choisir votre villa, de fournir les d\u00e9tails de la r\u00e9servation et de payer en ligne! Vos vacances parfaites\u2026","rel":"","context":"Article similaire","img":{"alt_text":"all homes","src":"https:\/\/i0.wp.com\/portugalestateholidays.com\/wp-content\/uploads\/2017\/06\/Depositphotos_6231054_original.jpg?resize=350%2C200&ssl=1","width":350,"height":200},"classes":[]},{"id":1851,"url":"https:\/\/portugalestateholidays.com\/pt\/especialista-em-arrendamento-de-vivendas-e-apartamentos-para-as-suas-ferias\/","url_meta":{"origin":1352,"position":3},"title":"Especialista em arrendamento de vivendas e apartamentos para as suas f\u00e9rias","date":"23.03.2021","format":false,"excerpt":"PortugalEstateHolidays prop\u00f5e diversas vivendas e apartamentos em diferentes zonas e praias para ajud\u00e1-lo a passar as f\u00e9rias dos Seus sonhos. Casa de F\u00e9rias no Algarve\u00a0pode encontrar aqui. Reserve a Sua vivenda ou apartamento online de forma r\u00e1pida e segura. Passe as Suas f\u00e9rias no Algarve com conforto e seguran\u00e7a. Escolha\u2026","rel":"","context":"Article similaire","img":{"alt_text":"","src":"https:\/\/i0.wp.com\/portugalestateholidays.com\/wp-content\/uploads\/2021\/04\/Logo-PEH-Google-Facebook.jpg?resize=350%2C200&ssl=1","width":350,"height":200},"classes":[]},{"id":1269,"url":"https:\/\/portugalestateholidays.com\/pt-pt\/pagina-principal\/","url_meta":{"origin":1352,"position":4},"title":"Especialista em arrendamento de vivendas e apartamentos para as suas f\u00e9rias","date":"02.03.2020","format":false,"excerpt":"O PortugalEstateHolidays oferece diversas moradias e apartamentos em diferentes regi\u00f5es para ajud\u00e1-lo a passar as f\u00e9rias dos seus sonhos. Reserve a sua casa ou o apartamento on-line com rapidez e seguran\u00e7a. Guest Reviews [testimonials columns=\"3\"]","rel":"","context":"Article similaire","img":{"alt_text":"","src":"https:\/\/i0.wp.com\/portugalestateholidays.com\/wp-content\/uploads\/2021\/04\/Logo-PEH-Google-Facebook.jpg?resize=350%2C200&ssl=1","width":350,"height":200},"classes":[]},{"id":1869,"url":"https:\/\/portugalestateholidays.com\/pt\/confirmacao-de-reserva\/pagina-de-cancelamento-de-reserva\/","url_meta":{"origin":1352,"position":5},"title":"P\u00e1gina de cancelamento de reserva","date":"23.03.2021","format":false,"excerpt":"A Sua reserva foi cancelada.","rel":"","context":"Article similaire","img":{"alt_text":"","src":"","width":0,"height":0},"classes":[]}],"amp_enabled":true,"_links":{"self":[{"href":"https:\/\/portugalestateholidays.com\/fr\/wp-json\/wp\/v2\/pages\/1352"}],"collection":[{"href":"https:\/\/portugalestateholidays.com\/fr\/wp-json\/wp\/v2\/pages"}],"about":[{"href":"https:\/\/portugalestateholidays.com\/fr\/wp-json\/wp\/v2\/types\/page"}],"author":[{"embeddable":true,"href":"https:\/\/portugalestateholidays.com\/fr\/wp-json\/wp\/v2\/users\/1"}],"replies":[{"embeddable":true,"href":"https:\/\/portugalestateholidays.com\/fr\/wp-json\/wp\/v2\/comments?post=1352"}],"version-history":[{"count":2,"href":"https:\/\/portugalestateholidays.com\/fr\/wp-json\/wp\/v2\/pages\/1352\/revisions"}],"predecessor-version":[{"id":5914,"href":"https:\/\/portugalestateholidays.com\/fr\/wp-json\/wp\/v2\/pages\/1352\/revisions\/5914"}],"up":[{"embeddable":true,"href":"https:\/\/portugalestateholidays.com\/fr\/wp-json\/wp\/v2\/pages\/1340"}],"wp:attachment":[{"href":"https:\/\/portugalestateholidays.com\/fr\/wp-json\/wp\/v2\/media?parent=1352"}],"curies":[{"name":"wp","href":"https:\/\/api.w.org\/{rel}","templated":true}]}}