{"id":5566,"date":"2021-04-10T11:30:19","date_gmt":"2021-04-10T10:30:19","guid":{"rendered":"https:\/\/portugalestateholidays.com\/nous-contacter\/"},"modified":"2026-02-04T16:50:02","modified_gmt":"2026-02-04T16:50:02","slug":"nous-contacter","status":"publish","type":"page","link":"https:\/\/portugalestateholidays.com\/fr\/nous-contacter\/","title":{"rendered":"Nous contacter: +351 965 612 057 \/ peportugalpt@gmail.com"},"content":{"rendered":"\n<p class=\"has-text-align-center\"><strong>Notre bureau \u00e0 Praia da Rocha:<\/strong><\/p>\n\n\n\n<p class=\"has-text-align-center\">Rua do Sol, Lote 4, Ed. Elite Residence, Loja E, 8500-801 Portim\u00e3o<\/p>\n\n\n\n<p class=\"has-text-align-center\"><strong>+351 965 612 057<\/strong><\/p>\n\n\n\n<p class=\"has-text-align-center\"><a class=\"rank-math-link\" href=\"mailto:info@portugalestateholidays.com\">info@portugalestate<\/a>.pt<\/p>\n\n\n<div class=\"mp-row-fluid motopress-row mpce-dsbl-margin-left mpce-dsbl-margin-right\">\n<div class=\"motopress-clmn mp-span12  mpce-dsbl-margin-left mpce-dsbl-margin-right\">\n<div class=\"mpce-gma-wrapper \"style=\"min-height:300px\"><div class=\"mpce-gma-map-canvas\"  data-type=\"HYBRID\" data-scrollwheel=\"true\" data-draggable=\"true\" data-disable-default-ui=\"false\" data-zoom=\"15\" data-map-style=\"default\"><\/div><div class=\"mpce-gma-markers\" style=\"display: none;\">\n<div class=\"mpce-gma-marker \"  data-title=\"Algarve Vacation Rentals - PortugalEstateHolidays\" data-address-type=\"latlng\" data-address=\"37.11975065436682, -8.542788792666135\" data-lat-lng=\"{&quot;lat&quot;:37.11975065436682,&quot;lng&quot;:-8.542788792666135}\" data-icon-type=\"default\"><h2>Algarve Vacation Rentals - PortugalEstateHolidays<\/h2>\n<p>Address: Rua do Sol, Lote 4, Edif\u00edcio Elite Residence, Loja E, 8500-801 Portim\u00e3o, Algarve, Portugal<br \/>\nPhone: +351 965 612 057<br \/>\nE-mail: peportugalpt@gmail.com<br \/>\nHours: 10:00 &#8211; 19:00<\/p><div class=\"mpce-gma-marker-link-wrapprer\"><a href=\"https:\/\/portugalestateholidays.com\/\" class=\"mpce-gma-marker-link\">Read more<\/a><\/div><\/div>\n<\/div><\/div>\n<\/div>\n<\/div>\n\n\n\n<p><\/p>\n","protected":false},"excerpt":{"rendered":"Notre bureau \u00e0 Praia da Rocha: Rua do Sol, Lote 4, Ed. Elite Residence, Loja E, 8500-801 Portim\u00e3o +351 965 612 057 info@portugalestate.pt","protected":false},"author":1,"featured_media":5651,"parent":0,"menu_order":0,"comment_status":"closed","ping_status":"closed","template":"","meta":{"spay_email":""},"aioseo_notices":[],"jetpack-related-posts":[{"id":1269,"url":"https:\/\/portugalestateholidays.com\/pt-pt\/pagina-principal\/","url_meta":{"origin":5566,"position":0},"title":"Especialista em arrendamento de vivendas e apartamentos para as suas f\u00e9rias","date":"02.03.2020","format":false,"excerpt":"O PortugalEstateHolidays oferece diversas moradias e apartamentos em diferentes regi\u00f5es para ajud\u00e1-lo a passar as f\u00e9rias dos seus sonhos. Reserve a sua casa ou o apartamento on-line com rapidez e seguran\u00e7a. Guest Reviews [testimonials columns=\"3\"]","rel":"","context":"Article similaire","img":{"alt_text":"","src":"https:\/\/i0.wp.com\/portugalestateholidays.com\/wp-content\/uploads\/2021\/04\/Logo-PEH-Google-Facebook.jpg?resize=350%2C200&ssl=1","width":350,"height":200},"classes":[]},{"id":1851,"url":"https:\/\/portugalestateholidays.com\/pt\/especialista-em-arrendamento-de-vivendas-e-apartamentos-para-as-suas-ferias\/","url_meta":{"origin":5566,"position":1},"title":"Especialista em arrendamento de vivendas e apartamentos para as suas f\u00e9rias","date":"23.03.2021","format":false,"excerpt":"PortugalEstateHolidays prop\u00f5e diversas vivendas e apartamentos em diferentes zonas e praias para ajud\u00e1-lo a passar as f\u00e9rias dos Seus sonhos. Casa de F\u00e9rias no Algarve\u00a0pode encontrar aqui. Reserve a Sua vivenda ou apartamento online de forma r\u00e1pida e segura. Passe as Suas f\u00e9rias no Algarve com conforto e seguran\u00e7a. Escolha\u2026","rel":"","context":"Article similaire","img":{"alt_text":"","src":"https:\/\/i0.wp.com\/portugalestateholidays.com\/wp-content\/uploads\/2021\/04\/Logo-PEH-Google-Facebook.jpg?resize=350%2C200&ssl=1","width":350,"height":200},"classes":[]}],"amp_enabled":true,"_links":{"self":[{"href":"https:\/\/portugalestateholidays.com\/fr\/wp-json\/wp\/v2\/pages\/5566"}],"collection":[{"href":"https:\/\/portugalestateholidays.com\/fr\/wp-json\/wp\/v2\/pages"}],"about":[{"href":"https:\/\/portugalestateholidays.com\/fr\/wp-json\/wp\/v2\/types\/page"}],"author":[{"embeddable":true,"href":"https:\/\/portugalestateholidays.com\/fr\/wp-json\/wp\/v2\/users\/1"}],"replies":[{"embeddable":true,"href":"https:\/\/portugalestateholidays.com\/fr\/wp-json\/wp\/v2\/comments?post=5566"}],"version-history":[{"count":8,"href":"https:\/\/portugalestateholidays.com\/fr\/wp-json\/wp\/v2\/pages\/5566\/revisions"}],"predecessor-version":[{"id":110920,"href":"https:\/\/portugalestateholidays.com\/fr\/wp-json\/wp\/v2\/pages\/5566\/revisions\/110920"}],"wp:featuredmedia":[{"embeddable":true,"href":"https:\/\/portugalestateholidays.com\/fr\/wp-json\/wp\/v2\/media\/5651"}],"wp:attachment":[{"href":"https:\/\/portugalestateholidays.com\/fr\/wp-json\/wp\/v2\/media?parent=5566"}],"curies":[{"name":"wp","href":"https:\/\/api.w.org\/{rel}","templated":true}]}}