{"id":5994,"date":"2021-05-21T19:07:28","date_gmt":"2021-05-21T18:07:28","guid":{"rendered":"https:\/\/portugalestateholidays.com\/demande-paiement\/"},"modified":"2021-05-21T19:07:28","modified_gmt":"2021-05-21T18:07:28","slug":"demande-paiement","status":"publish","type":"page","link":"https:\/\/portugalestateholidays.com\/fr\/demande-paiement\/","title":{"rendered":"Demande de paiement"},"content":{"rendered":"<div class=\"mphb_sc_payment_request_checkout-wrapper\"><p>D\u00e9sol\u00e9, aucune r\u00e9servation n&#039;a \u00e9t\u00e9 trouv\u00e9e.<\/p><\/div>\n","protected":false},"excerpt":{"rendered":"","protected":false},"author":1,"featured_media":5987,"parent":0,"menu_order":0,"comment_status":"closed","ping_status":"closed","template":"","meta":{"spay_email":""},"aioseo_notices":[],"jetpack-related-posts":[{"id":5993,"url":"https:\/\/portugalestateholidays.com\/pt\/pedido-pagamento\/","url_meta":{"origin":5994,"position":0},"title":"Pedido de Pagamento","date":"21.05.2021","format":false,"excerpt":"","rel":"","context":"Article similaire","img":{"alt_text":"","src":"https:\/\/i0.wp.com\/portugalestateholidays.com\/wp-content\/uploads\/2021\/05\/Payment-Requests.png?resize=350%2C200&ssl=1","width":350,"height":200},"classes":[]},{"id":5072,"url":"https:\/\/portugalestateholidays.com\/payment-request\/","url_meta":{"origin":5994,"position":1},"title":"Payment Request","date":"26.03.2021","format":false,"excerpt":"","rel":"","context":"Article similaire","img":{"alt_text":"","src":"https:\/\/i0.wp.com\/portugalestateholidays.com\/wp-content\/uploads\/2021\/05\/Payment-Requests.png?resize=350%2C200&ssl=1","width":350,"height":200},"classes":[]},{"id":5995,"url":"https:\/\/portugalestateholidays.com\/ru\/%d0%b7%d0%b0%d0%bf%d1%80%d0%be%d1%81-%d0%be%d0%bf%d0%bb%d0%b0%d1%82%d1%8b\/","url_meta":{"origin":5994,"position":2},"title":"\u0417\u0430\u043f\u0440\u043e\u0441 \u043d\u0430 \u043e\u043f\u043b\u0430\u0442\u0443","date":"21.05.2021","format":false,"excerpt":"","rel":"","context":"Article similaire","img":{"alt_text":"","src":"https:\/\/i0.wp.com\/portugalestateholidays.com\/wp-content\/uploads\/2021\/05\/Payment-Requests.png?resize=350%2C200&ssl=1","width":350,"height":200},"classes":[]},{"id":1352,"url":"https:\/\/portugalestateholidays.com\/fr\/confirmation-de-reservation\/reservation-confirmee\/","url_meta":{"origin":5994,"position":3},"title":"R\u00e9servation confirm\u00e9e","date":"03.03.2020","format":false,"excerpt":"Nous sommes heureux de vous informer que votre demande de r\u00e9servation a \u00e9t\u00e9 re\u00e7ue et confirm\u00e9e.","rel":"","context":"Article similaire","img":{"alt_text":"","src":"","width":0,"height":0},"classes":[]},{"id":1869,"url":"https:\/\/portugalestateholidays.com\/pt\/confirmacao-de-reserva\/pagina-de-cancelamento-de-reserva\/","url_meta":{"origin":5994,"position":4},"title":"P\u00e1gina de cancelamento de reserva","date":"23.03.2021","format":false,"excerpt":"A Sua reserva foi cancelada.","rel":"","context":"Article similaire","img":{"alt_text":"","src":"","width":0,"height":0},"classes":[]},{"id":1283,"url":"https:\/\/portugalestateholidays.com\/pt-pt\/atividades\/excursao-de-barco-em-capri-saindo-de-sorrento\/","url_meta":{"origin":5994,"position":5},"title":"Excurs\u00e3o de barco em Capri saindo de Sorrento","date":"02.03.2020","format":false,"excerpt":"Uma divers\u00e3o de barco e passeios? Descubra a fascinante ilha de Capri em um passeio de barco de dia inteiro partindo de Sorrento todos os dias! Para os visitantes da nossa vila, h\u00e1 ainda mais b\u00f4nus! <!--more--> Navegue pela ilha para apreciar vistas de forma\u00e7\u00f5es costeiras \u00fanicas, como as Grutas\u2026","rel":"","context":"Article similaire","img":{"alt_text":"","src":"https:\/\/i0.wp.com\/portugalestateholidays.com\/wp-content\/uploads\/2017\/06\/Depositphotos_76816855_original.jpg?resize=350%2C200&ssl=1","width":350,"height":200},"classes":[]}],"amp_enabled":true,"_links":{"self":[{"href":"https:\/\/portugalestateholidays.com\/fr\/wp-json\/wp\/v2\/pages\/5994"}],"collection":[{"href":"https:\/\/portugalestateholidays.com\/fr\/wp-json\/wp\/v2\/pages"}],"about":[{"href":"https:\/\/portugalestateholidays.com\/fr\/wp-json\/wp\/v2\/types\/page"}],"author":[{"embeddable":true,"href":"https:\/\/portugalestateholidays.com\/fr\/wp-json\/wp\/v2\/users\/1"}],"replies":[{"embeddable":true,"href":"https:\/\/portugalestateholidays.com\/fr\/wp-json\/wp\/v2\/comments?post=5994"}],"version-history":[{"count":0,"href":"https:\/\/portugalestateholidays.com\/fr\/wp-json\/wp\/v2\/pages\/5994\/revisions"}],"wp:featuredmedia":[{"embeddable":true,"href":"https:\/\/portugalestateholidays.com\/fr\/wp-json\/wp\/v2\/media\/5987"}],"wp:attachment":[{"href":"https:\/\/portugalestateholidays.com\/fr\/wp-json\/wp\/v2\/media?parent=5994"}],"curies":[{"name":"wp","href":"https:\/\/api.w.org\/{rel}","templated":true}]}}