{"id":1859,"date":"2021-03-23T17:35:21","date_gmt":"2021-03-23T17:35:21","guid":{"rendered":"https:\/\/portugalestateholidays.com\/servicos\/"},"modified":"2021-03-23T17:35:23","modified_gmt":"2021-03-23T17:35:23","slug":"servicos","status":"publish","type":"page","link":"https:\/\/portugalestateholidays.com\/pt\/servicos\/","title":{"rendered":"Servi\u00e7os"},"content":{"rendered":"\n<div class=\"mphb_sc_services-wrapper \">\r\n<div class=\"mphb-service post-2070 mphb_room_service type-mphb_room_service status-publish has-post-thumbnail\">\r\r\n\r\r\n\t\r\n\r\r\n\r\n\r\r\n\t<p class=\"mphb-loop-service-thumbnail\"><a class=\"post-thumbnail\" href=\"https:\/\/portugalestateholidays.com\/pt\/servi\u00e7o\/transfer-de-aeroporto-faro-ate-portimao-ate-4-pessoas\/\">\r\n\r\r\n\t<img width=\"470\" height=\"353\" src=\"https:\/\/portugalestateholidays.com\/wp-content\/uploads\/2017\/06\/airport-transfer.jpg\" class=\"attachment-villagio-thumb-small size-villagio-thumb-small wp-post-image\" alt=\"\" loading=\"lazy\" srcset=\"https:\/\/portugalestateholidays.com\/wp-content\/uploads\/2017\/06\/airport-transfer.jpg 470w, https:\/\/portugalestateholidays.com\/wp-content\/uploads\/2017\/06\/airport-transfer-300x225.jpg 300w\" sizes=\"(max-width: 470px) 100vw, 470px\" \/>\r\n\r\r\n\t<\/p><\/a>\r\n\r\r\n\r\n\r\r\n\r\r\n\r\n\r\r\n<h2 class=\"mphb-service-title\">\r\n\r\r\n<a href=\"https:\/\/portugalestateholidays.com\/pt\/servi\u00e7o\/transfer-de-aeroporto-faro-ate-portimao-ate-4-pessoas\/\">Transfer de aeroporto Faro at\u00e9 Portim\u00e3o &#8211; at\u00e9 4 pessoas<\/a>\r\n\r\r\n<\/h2>\r\n\r\n\r\r\n\r\n\r\r\nOs nossos transferes privadas de Aeroporto de Faro para Portim\u00e3o t\u00eam tarifas fixas e representam um transporte alternativo muito mais r\u00e1pido, acess\u00edvel e sem complica\u00e7\u00f5es para Portim\u00e3o. Um motorista amig\u00e1vel ir\u00e1 encontr\u00e1-lo e cumpriment\u00e1-lo no hall de espera do Aeroporto de Faro. Ele o ajudar\u00e1 com toda a bagagem e o guiar\u00e1 at\u00e9 o ve\u00edculo &hellip;\r\n\r\r\n\r\n\r\n\r\r\n<p class=\"mphb-price-wrapper\"><strong>Price:<\/strong>\r\n\r\r\n<span class=\"mphb-price\">60<span class=\"mphb-currency\">&euro;<\/span><\/span> \/ Uma ida \/ Per Accommodation\r\n\r\r\n<\/p>\r\n<p class=\"more-link\"><a href=\"https:\/\/portugalestateholidays.com\/pt\/servi\u00e7o\/transfer-de-aeroporto-faro-ate-portimao-ate-4-pessoas\/\" rel=\"bookmark\" class=\"button\">Read more<\/a><\/p>\r\n\r\r\n<\/div>\r\n<div class=\"mphb-service post-2063 mphb_room_service type-mphb_room_service status-publish mphb-service-pay-per-night\">\r\r\n\r\r\n\t\r\n\r\r\n\r\n\r\r\n\r\r\n\r\n\r\r\n<h2 class=\"mphb-service-title\">\r\n\r\r\n<a href=\"https:\/\/portugalestateholidays.com\/pt\/servi\u00e7o\/servicos-de-limpeza\/\">Servi\u00e7os de limpeza<\/a>\r\n\r\r\n<\/h2>\r\n\r\n\r\r\n\r\n\r\r\nTodas as nossas casas s\u00e3o limpas regularmente. Mas tamb\u00e9m fornecemos servi\u00e7os de limpeza extras mediante solicita\u00e7\u00e3o &#8211; se voc\u00ea precisar, quando a limpeza n\u00e3o estiver planeada. Independentemente de se tratar de um servi\u00e7o planeado ou reservado antecipadamente, oferecemos n\u00edveis extraordin\u00e1rios de limpeza e servi\u00e7o superior, para que voc\u00ea nunca estrague o seu descanso por causa &hellip;\r\n\r\r\n\r\n\r\n\r\r\n<p class=\"mphb-price-wrapper\"><strong>Price:<\/strong>\r\n\r\r\n<span class=\"mphb-price\">15<span class=\"mphb-currency\">&euro;<\/span><\/span> \/ Por dia \/ Per Accommodation\r\n\r\r\n<\/p>\r\n<p class=\"more-link\"><a href=\"https:\/\/portugalestateholidays.com\/pt\/servi\u00e7o\/servicos-de-limpeza\/\" rel=\"bookmark\" class=\"button\">Read more<\/a><\/p>\r\n\r\r\n<\/div>\r\n<div class=\"mphb-service post-2056 mphb_room_service type-mphb_room_service status-publish has-post-thumbnail\">\r\r\n\r\r\n\t\r\n\r\r\n\r\n\r\r\n\t<p class=\"mphb-loop-service-thumbnail\"><a class=\"post-thumbnail\" href=\"https:\/\/portugalestateholidays.com\/pt\/servi\u00e7o\/transfer-de-aeroporto-faro-ate-albufeira-ate-4-pessoas\/\">\r\n\r\r\n\t<img width=\"470\" height=\"353\" src=\"https:\/\/portugalestateholidays.com\/wp-content\/uploads\/2017\/06\/airport-transfer.jpg\" class=\"attachment-villagio-thumb-small size-villagio-thumb-small wp-post-image\" alt=\"\" loading=\"lazy\" srcset=\"https:\/\/portugalestateholidays.com\/wp-content\/uploads\/2017\/06\/airport-transfer.jpg 470w, https:\/\/portugalestateholidays.com\/wp-content\/uploads\/2017\/06\/airport-transfer-300x225.jpg 300w\" sizes=\"(max-width: 470px) 100vw, 470px\" \/>\r\n\r\r\n\t<\/p><\/a>\r\n\r\r\n\r\n\r\r\n\r\r\n\r\n\r\r\n<h2 class=\"mphb-service-title\">\r\n\r\r\n<a href=\"https:\/\/portugalestateholidays.com\/pt\/servi\u00e7o\/transfer-de-aeroporto-faro-ate-albufeira-ate-4-pessoas\/\">Transfer de aeroporto Faro at\u00e9 Albufeira &#8211; at\u00e9 4 pessoas<\/a>\r\n\r\r\n<\/h2>\r\n\r\n\r\r\n\r\n\r\r\nOs nossos transferes privadas de Aeroporto de Faro para Portim\u00e3o t\u00eam tarifas fixas e representam um transporte alternativo muito mais r\u00e1pido, acess\u00edvel e sem complica\u00e7\u00f5es para Portim\u00e3o. Um motorista amig\u00e1vel ir\u00e1 encontr\u00e1-lo e cumpriment\u00e1-lo no hall de espera do Aeroporto de Faro. Ele o ajudar\u00e1 com toda a bagagem e o guiar\u00e1 at\u00e9 o ve\u00edculo &hellip;\r\n\r\r\n\r\n\r\n\r\r\n<p class=\"mphb-price-wrapper\"><strong>Price:<\/strong>\r\n\r\r\n<span class=\"mphb-price\">40<span class=\"mphb-currency\">&euro;<\/span><\/span> \/ Uma ida \/ Per Accommodation\r\n\r\r\n<\/p>\r\n<p class=\"more-link\"><a href=\"https:\/\/portugalestateholidays.com\/pt\/servi\u00e7o\/transfer-de-aeroporto-faro-ate-albufeira-ate-4-pessoas\/\" rel=\"bookmark\" class=\"button\">Read more<\/a><\/p>\r\n\r\r\n<\/div><\/div>\n","protected":false},"excerpt":{"rendered":"","protected":false},"author":1,"featured_media":0,"parent":0,"menu_order":0,"comment_status":"closed","ping_status":"closed","template":"template-grid-page.php","meta":{"spay_email":""},"aioseo_notices":[],"jetpack-related-posts":[{"id":1308,"url":"https:\/\/portugalestateholidays.com\/pt-pt\/servicos\/","url_meta":{"origin":1859,"position":0},"title":"Servi\u00e7os","date":"02.03.2020","format":false,"excerpt":"","rel":"","context":"Similar post","img":{"alt_text":"","src":"","width":0,"height":0},"classes":[]},{"id":119,"url":"https:\/\/portugalestateholidays.com\/services\/","url_meta":{"origin":1859,"position":1},"title":"Services","date":"14.06.2017","format":false,"excerpt":"","rel":"","context":"Similar post","img":{"alt_text":"","src":"","width":0,"height":0},"classes":[]},{"id":1310,"url":"https:\/\/portugalestateholidays.com\/fr\/les-services\/","url_meta":{"origin":1859,"position":2},"title":"Les services","date":"02.03.2020","format":false,"excerpt":"","rel":"","context":"Similar post","img":{"alt_text":"","src":"","width":0,"height":0},"classes":[]},{"id":1313,"url":"https:\/\/portugalestateholidays.com\/ru\/%d1%81%d0%b5%d1%80%d0%b2%d0%b8%d1%81%d1%8b\/","url_meta":{"origin":1859,"position":3},"title":"\u0421\u0435\u0440\u0432\u0438\u0441\u044b","date":"02.03.2020","format":false,"excerpt":"","rel":"","context":"Similar post","img":{"alt_text":"","src":"","width":0,"height":0},"classes":[]}],"amp_enabled":false,"_links":{"self":[{"href":"https:\/\/portugalestateholidays.com\/pt\/wp-json\/wp\/v2\/pages\/1859"}],"collection":[{"href":"https:\/\/portugalestateholidays.com\/pt\/wp-json\/wp\/v2\/pages"}],"about":[{"href":"https:\/\/portugalestateholidays.com\/pt\/wp-json\/wp\/v2\/types\/page"}],"author":[{"embeddable":true,"href":"https:\/\/portugalestateholidays.com\/pt\/wp-json\/wp\/v2\/users\/1"}],"replies":[{"embeddable":true,"href":"https:\/\/portugalestateholidays.com\/pt\/wp-json\/wp\/v2\/comments?post=1859"}],"version-history":[{"count":3,"href":"https:\/\/portugalestateholidays.com\/pt\/wp-json\/wp\/v2\/pages\/1859\/revisions"}],"predecessor-version":[{"id":1862,"href":"https:\/\/portugalestateholidays.com\/pt\/wp-json\/wp\/v2\/pages\/1859\/revisions\/1862"}],"wp:attachment":[{"href":"https:\/\/portugalestateholidays.com\/pt\/wp-json\/wp\/v2\/media?parent=1859"}],"curies":[{"name":"wp","href":"https:\/\/api.w.org\/{rel}","templated":true}]}}