{"id":1863,"date":"2021-03-23T17:35:45","date_gmt":"2021-03-23T17:35:45","guid":{"rendered":"https:\/\/portugalestateholidays.com\/atividades\/"},"modified":"2021-03-23T17:35:52","modified_gmt":"2021-03-23T17:35:52","slug":"atividades","status":"publish","type":"page","link":"https:\/\/portugalestateholidays.com\/pt\/atividades\/","title":{"rendered":"Atividades"},"content":{"rendered":"","protected":false},"excerpt":{"rendered":"","protected":false},"author":1,"featured_media":0,"parent":0,"menu_order":0,"comment_status":"closed","ping_status":"closed","template":"template-full-width-grid-page.php","meta":{"spay_email":""},"aioseo_notices":[],"jetpack-related-posts":[{"id":1275,"url":"https:\/\/portugalestateholidays.com\/pt-pt\/atividades\/","url_meta":{"origin":1863,"position":0},"title":"Atividades","date":"02.03.2020","format":false,"excerpt":"","rel":"","context":"Similar post","img":{"alt_text":"","src":"","width":0,"height":0},"classes":[]},{"id":1283,"url":"https:\/\/portugalestateholidays.com\/pt-pt\/atividades\/excursao-de-barco-em-capri-saindo-de-sorrento\/","url_meta":{"origin":1863,"position":1},"title":"Excurs\u00e3o de barco em Capri saindo de Sorrento","date":"02.03.2020","format":false,"excerpt":"Uma divers\u00e3o de barco e passeios? Descubra a fascinante ilha de Capri em um passeio de barco de dia inteiro partindo de Sorrento todos os dias! Para os visitantes da nossa vila, h\u00e1 ainda mais b\u00f4nus! <!--more--> Navegue pela ilha para apreciar vistas de forma\u00e7\u00f5es costeiras \u00fanicas, como as Grutas\u2026","rel":"","context":"Similar post","img":{"alt_text":"","src":"https:\/\/i0.wp.com\/portugalestateholidays.com\/wp-content\/uploads\/2017\/06\/Depositphotos_76816855_original.jpg?resize=350%2C200&ssl=1","width":350,"height":200},"classes":[]}],"amp_enabled":false,"_links":{"self":[{"href":"https:\/\/portugalestateholidays.com\/pt\/wp-json\/wp\/v2\/pages\/1863"}],"collection":[{"href":"https:\/\/portugalestateholidays.com\/pt\/wp-json\/wp\/v2\/pages"}],"about":[{"href":"https:\/\/portugalestateholidays.com\/pt\/wp-json\/wp\/v2\/types\/page"}],"author":[{"embeddable":true,"href":"https:\/\/portugalestateholidays.com\/pt\/wp-json\/wp\/v2\/users\/1"}],"replies":[{"embeddable":true,"href":"https:\/\/portugalestateholidays.com\/pt\/wp-json\/wp\/v2\/comments?post=1863"}],"version-history":[{"count":1,"href":"https:\/\/portugalestateholidays.com\/pt\/wp-json\/wp\/v2\/pages\/1863\/revisions"}],"predecessor-version":[{"id":1864,"href":"https:\/\/portugalestateholidays.com\/pt\/wp-json\/wp\/v2\/pages\/1863\/revisions\/1864"}],"wp:attachment":[{"href":"https:\/\/portugalestateholidays.com\/pt\/wp-json\/wp\/v2\/media?parent=1863"}],"curies":[{"name":"wp","href":"https:\/\/api.w.org\/{rel}","templated":true}]}}