{"id":1873,"date":"2021-03-23T17:37:27","date_gmt":"2021-03-23T17:37:27","guid":{"rendered":"https:\/\/portugalestateholidays.com\/confirmacao-de-reserva\/reserva-confirmada\/"},"modified":"2021-05-10T16:20:27","modified_gmt":"2021-05-10T15:20:27","slug":"reserva-confirmada","status":"publish","type":"page","link":"https:\/\/portugalestateholidays.com\/pt\/confirmacao-de-reserva\/reserva-confirmada\/","title":{"rendered":"Reserva confirmada"},"content":{"rendered":"<div class=\"mp-row-fluid motopress-row mpce-dsbl-margin-left mpce-dsbl-margin-right\">\n<div class=\"motopress-clmn mp-span12  mpce-dsbl-margin-left mpce-dsbl-margin-right\">\n<p>Temos o prazer de informar que a Sua reserva foi recebida e confirmada.<\/p>\n<div class=\"mphb_sc_booking_confirmation\"><\/div>\n<\/div>\n<\/div>\n","protected":false},"excerpt":{"rendered":"Temos o prazer de informar que a Sua reserva foi recebida e confirmada.","protected":false},"author":1,"featured_media":0,"parent":1865,"menu_order":0,"comment_status":"closed","ping_status":"closed","template":"","meta":{"spay_email":""},"aioseo_notices":[],"jetpack-related-posts":[{"id":1354,"url":"https:\/\/portugalestateholidays.com\/pt-pt\/confirmacao-de-reserva\/reserva-confirmada\/","url_meta":{"origin":1873,"position":0},"title":"Reserva confirmada","date":"03.03.2020","format":false,"excerpt":"Temos o prazer de informar que a Sua reserva foi recebida e confirmada.","rel":"","context":"Similar post","img":{"alt_text":"","src":"","width":0,"height":0},"classes":[]},{"id":1347,"url":"https:\/\/portugalestateholidays.com\/pt-pt\/confirmacao-de-reserva\/cancelamento-de-reserva\/","url_meta":{"origin":1873,"position":1},"title":"P\u00e1gina de cancelamento de reserva","date":"03.03.2020","format":false,"excerpt":"A Sua reserva foi cancelada.","rel":"","context":"Similar post","img":{"alt_text":"","src":"","width":0,"height":0},"classes":[]},{"id":1869,"url":"https:\/\/portugalestateholidays.com\/pt\/confirmacao-de-reserva\/pagina-de-cancelamento-de-reserva\/","url_meta":{"origin":1873,"position":2},"title":"P\u00e1gina de cancelamento de reserva","date":"23.03.2021","format":false,"excerpt":"A Sua reserva foi cancelada.","rel":"","context":"Similar post","img":{"alt_text":"","src":"","width":0,"height":0},"classes":[]},{"id":1294,"url":"https:\/\/portugalestateholidays.com\/pt-pt\/encontre-a-sua-casa\/","url_meta":{"origin":1873,"position":3},"title":"Encontre a sua casa","date":"02.03.2020","format":false,"excerpt":"Reservar a sua vivenda ou apartamento dos sonhos com a empresa PortugalEstateHolidays \u00e9 muito r\u00e1pido e seguro. Basta definir as datas de check-in e check-out, visualizar a descri\u00e7\u00e3o, escolher a sua casa, fornecer detalhes de reserva e pagar on-line! As Suas f\u00e9rias perfeitas est\u00e3o a v\u00e1rios cliques de dist\u00e2ncia!","rel":"","context":"Similar post","img":{"alt_text":"all homes","src":"https:\/\/i0.wp.com\/portugalestateholidays.com\/wp-content\/uploads\/2017\/06\/Depositphotos_6231054_original.jpg?resize=350%2C200&ssl=1","width":350,"height":200},"classes":[]},{"id":1877,"url":"https:\/\/portugalestateholidays.com\/pt\/encontre-a-sua-casa\/","url_meta":{"origin":1873,"position":4},"title":"Encontre a sua casa","date":"23.03.2021","format":false,"excerpt":"Reservar a sua vivenda ou apartamento dos sonhos com a empresa PortugalEstateHolidays \u00e9 muito r\u00e1pido e seguro. Basta definir as datas de check-in e check-out, visualizar a descri\u00e7\u00e3o, escolher a sua casa, fornecer detalhes de reserva e pagar on-line! As Suas f\u00e9rias perfeitas est\u00e3o a v\u00e1rios cliques de dist\u00e2ncia!","rel":"","context":"Similar post","img":{"alt_text":"Todas as casas","src":"https:\/\/i0.wp.com\/portugalestateholidays.com\/wp-content\/uploads\/2017\/06\/Depositphotos_6231054_original.jpg?resize=350%2C200&ssl=1","width":350,"height":200},"classes":[]},{"id":1865,"url":"https:\/\/portugalestateholidays.com\/pt\/confirmacao-de-reserva\/","url_meta":{"origin":1873,"position":5},"title":"Confirma\u00e7\u00e3o de reserva","date":"23.03.2021","format":false,"excerpt":"","rel":"","context":"Similar post","img":{"alt_text":"","src":"","width":0,"height":0},"classes":[]}],"amp_enabled":true,"_links":{"self":[{"href":"https:\/\/portugalestateholidays.com\/pt\/wp-json\/wp\/v2\/pages\/1873"}],"collection":[{"href":"https:\/\/portugalestateholidays.com\/pt\/wp-json\/wp\/v2\/pages"}],"about":[{"href":"https:\/\/portugalestateholidays.com\/pt\/wp-json\/wp\/v2\/types\/page"}],"author":[{"embeddable":true,"href":"https:\/\/portugalestateholidays.com\/pt\/wp-json\/wp\/v2\/users\/1"}],"replies":[{"embeddable":true,"href":"https:\/\/portugalestateholidays.com\/pt\/wp-json\/wp\/v2\/comments?post=1873"}],"version-history":[{"count":4,"href":"https:\/\/portugalestateholidays.com\/pt\/wp-json\/wp\/v2\/pages\/1873\/revisions"}],"predecessor-version":[{"id":5913,"href":"https:\/\/portugalestateholidays.com\/pt\/wp-json\/wp\/v2\/pages\/1873\/revisions\/5913"}],"up":[{"embeddable":true,"href":"https:\/\/portugalestateholidays.com\/pt\/wp-json\/wp\/v2\/pages\/1865"}],"wp:attachment":[{"href":"https:\/\/portugalestateholidays.com\/pt\/wp-json\/wp\/v2\/media?parent=1873"}],"curies":[{"name":"wp","href":"https:\/\/api.w.org\/{rel}","templated":true}]}}