{"id":1877,"date":"2021-03-23T17:38:55","date_gmt":"2021-03-23T17:38:55","guid":{"rendered":"https:\/\/portugalestateholidays.com\/encontre-a-sua-casa\/"},"modified":"2021-04-17T18:21:03","modified_gmt":"2021-04-17T17:21:03","slug":"encontre-a-sua-casa","status":"publish","type":"page","link":"https:\/\/portugalestateholidays.com\/pt\/encontre-a-sua-casa\/","title":{"rendered":"Encontre a sua casa"},"content":{"rendered":"\n<p>Reservar a sua vivenda ou apartamento dos sonhos com a empresa PortugalEstateHolidays \u00e9 muito r\u00e1pido e seguro. Basta definir as datas de check-in e check-out, visualizar a descri\u00e7\u00e3o, escolher a sua casa, fornecer detalhes de reserva e pagar on-line! As Suas f\u00e9rias perfeitas est\u00e3o a v\u00e1rios cliques de dist\u00e2ncia!<\/p>\n\n\n\n<div class=\"mphb_sc_search-wrapper \">\r\n<form method=\"GET\" class=\"mphb_sc_search-form\" action=\"https:\/\/portugalestateholidays.com\/pt\/resultados-da-pesquisa\/\">\r\r\n\r\r\n\t\r\n<p class = \"mphb-required-fields-tip\">\r\r\n\t<small>\r\r\n\t\tOs campos s\u00e3o obrigat\u00f3rios\r\n\t\t<abbr title=\"required\">*<\/abbr>\r\r\n\t<\/small>\r\r\n<\/p>\r\n\r\r\n\t<p class=\"mphb_sc_search-check-in-date\">\r\r\n\t\t<label for=\"mphb_check_in_date-mphb-search-form-69e6d0d95f7a2\">\r\r\n\t\t\tCheck-in\r\n\t\t\t<abbr title=\"Formatted as dd\/mm\/yyyy\">*<\/abbr>\r\r\n\t\t<\/label>\r\r\n\t\t<br \/>\r\r\n\t\t<input\r\r\n\t\t\tid=\"mphb_check_in_date-mphb-search-form-69e6d0d95f7a2\"\r\r\n\t\t\tdata-datepick-group=\"mphb-search-form-69e6d0d95f7a2\"\r\r\n\t\t\tvalue=\"\"\r\r\n\t\t\tplaceholder=\"Data de Check-in\"\r\r\n\t\t\trequired=\"required\"\r\r\n\t\t\ttype=\"text\"\r\r\n\t\t\tname=\"mphb_check_in_date\"\r\r\n\t\t\tclass=\"mphb-datepick\"\r\r\n\t\t\tautocomplete=\"off\"\r\r\n\t\t\t\/>\r\r\n\t<\/p>\r\r\n\r\r\n\t<p class=\"mphb_sc_search-check-out-date\">\r\r\n\t\t<label for=\"mphb_check_out_date-mphb-search-form-69e6d0d95f7a2\">\r\r\n\t\t\tCheck-out\r\n\t\t\t<abbr title=\"Formatted as dd\/mm\/yyyy\">*<\/abbr>\r\r\n\t\t<\/label>\r\r\n\t\t<br \/>\r\r\n\t\t<input\r\r\n\t\t\tid=\"mphb_check_out_date-mphb-search-form-69e6d0d95f7a2\"\r\r\n\t\t\tdata-datepick-group=\"mphb-search-form-69e6d0d95f7a2\"\r\r\n\t\t\tvalue=\"\"\r\r\n\t\t\tplaceholder=\"Data de Check-out\"\r\r\n\t\t\trequired=\"required\"\r\r\n\t\t\ttype=\"text\"\r\r\n\t\t\tname=\"mphb_check_out_date\"\r\r\n\t\t\tclass=\"mphb-datepick\"\r\r\n\t\t\tautocomplete=\"off\"\r\r\n\t\t\t\/>\r\r\n\t<\/p>\r\r\n\r\r\n\t\r\n\t\t<p class=\"mphb_sc_search-adults\">\r\r\n\t\t\t<label for=\"mphb_adults-mphb-search-form-69e6d0d95f7a2\">\r\r\n\t\t\t\tH\u00f3spedes\r\n\t\t\t<\/label>\r\r\n\t\t\t<br \/>\r\r\n\t\t\t<select id=\"mphb_adults-mphb-search-form-69e6d0d95f7a2\" name=\"mphb_adults\" >\r\r\n\t\t\t\t\r\n\t\t\t\t\t<option value=\"1\"  selected='selected'>1<\/option>\r\r\n\t\t\t\t\r\n\t\t\t\t\t<option value=\"2\" >2<\/option>\r\r\n\t\t\t\t\r\n\t\t\t\t\t<option value=\"3\" >3<\/option>\r\r\n\t\t\t\t\r\n\t\t\t\t\t<option value=\"4\" >4<\/option>\r\r\n\t\t\t\t\r\n\t\t\t\t\t<option value=\"5\" >5<\/option>\r\r\n\t\t\t\t\r\n\t\t\t\t\t<option value=\"6\" >6<\/option>\r\r\n\t\t\t\t\r\n\t\t\t\t\t<option value=\"7\" >7<\/option>\r\r\n\t\t\t\t\r\n\t\t\t\t\t<option value=\"8\" >8<\/option>\r\r\n\t\t\t\t\r\n\t\t\t\t\t<option value=\"9\" >9<\/option>\r\r\n\t\t\t\t\r\n\t\t\t\t\t<option value=\"10\" >10<\/option>\r\r\n\t\t\t\t\r\n\t\t\t\t\t<option value=\"11\" >11<\/option>\r\r\n\t\t\t\t\r\n\t\t\t\t\t<option value=\"12\" >12<\/option>\r\r\n\t\t\t\t\r\n\t\t\t\t\t<option value=\"13\" >13<\/option>\r\r\n\t\t\t\t\r\n\t\t\t\t\t<option value=\"14\" >14<\/option>\r\r\n\t\t\t\t\r\n\t\t\t\t\t<option value=\"15\" >15<\/option>\r\r\n\t\t\t\t\r\n\t\t\t\t\t<option value=\"16\" >16<\/option>\r\r\n\t\t\t\t\r\n\t\t\t\t\t<option value=\"17\" >17<\/option>\r\r\n\t\t\t\t\r\n\t\t\t\t\t<option value=\"18\" >18<\/option>\r\r\n\t\t\t\t\r\n\t\t\t\t\t<option value=\"19\" >19<\/option>\r\r\n\t\t\t\t\r\n\t\t\t\t\t<option value=\"20\" >20<\/option>\r\r\n\t\t\t\t\r\n\t\t\t\t\t<option value=\"21\" >21<\/option>\r\r\n\t\t\t\t\r\n\t\t\t\t\t<option value=\"22\" >22<\/option>\r\r\n\t\t\t\t\r\n\t\t\t\t\t<option value=\"23\" >23<\/option>\r\r\n\t\t\t\t\r\n\t\t\t\t\t<option value=\"24\" >24<\/option>\r\r\n\t\t\t\t\r\n\t\t\t\t\t<option value=\"25\" >25<\/option>\r\r\n\t\t\t\t\r\n\t\t\t\t\t<option value=\"26\" >26<\/option>\r\r\n\t\t\t\t\r\n\t\t\t\t\t<option value=\"27\" >27<\/option>\r\r\n\t\t\t\t\r\n\t\t\t\t\t<option value=\"28\" >28<\/option>\r\r\n\t\t\t\t\r\n\t\t\t\t\t<option value=\"29\" >29<\/option>\r\r\n\t\t\t\t\r\n\t\t\t\t\t<option value=\"30\" >30<\/option>\r\r\n\t\t\t\t\r\n\t\t\t<\/select>\r\r\n\t\t<\/p>\r\r\n\t\r\n\r\r\n\t\r\n\t\t<input type=\"hidden\" id=\"mphb_children-mphb-search-form-69e6d0d95f7a2\" name=\"mphb_children\" value=\"0\" \/>\r\r\n\t\r\n\r\r\n\t\r\n\r\r\n\t\r\n\r\r\n\t<input id=\"mphb_check_in_date-mphb-search-form-69e6d0d95f7a2-hidden\" value=\"\" type=\"hidden\" name=\"mphb_check_in_date\" \/><input id=\"mphb_check_out_date-mphb-search-form-69e6d0d95f7a2-hidden\" value=\"\" type=\"hidden\" name=\"mphb_check_out_date\" \/>\r\n\r\r\n\t<p class=\"mphb_sc_search-submit-button-wrapper\">\r\r\n\t\t<input type=\"submit\" class=\"button\" value=\"Pesquisar\"\/>\r\r\n\t<\/p>\r\r\n\r\r\n\t\r\n\r\r\n<\/form><\/div>\n","protected":false},"excerpt":{"rendered":"Reservar a sua vivenda ou apartamento dos sonhos com a empresa PortugalEstateHolidays \u00e9 muito r\u00e1pido e seguro. Basta definir as datas de check-in e check-out, visualizar a descri\u00e7\u00e3o, escolher a sua casa, fornecer detalhes de reserva e pagar on-line! As Suas f\u00e9rias perfeitas est\u00e3o a v\u00e1rios cliques de dist\u00e2ncia!","protected":false},"author":1,"featured_media":1879,"parent":0,"menu_order":0,"comment_status":"closed","ping_status":"closed","template":"template-full-width-page.php","meta":{"spay_email":""},"aioseo_notices":[],"jetpack-related-posts":[{"id":1294,"url":"https:\/\/portugalestateholidays.com\/pt-pt\/encontre-a-sua-casa\/","url_meta":{"origin":1877,"position":0},"title":"Encontre a sua casa","date":"02.03.2020","format":false,"excerpt":"Reservar a sua vivenda ou apartamento dos sonhos com a empresa PortugalEstateHolidays \u00e9 muito r\u00e1pido e seguro. Basta definir as datas de check-in e check-out, visualizar a descri\u00e7\u00e3o, escolher a sua casa, fornecer detalhes de reserva e pagar on-line! As Suas f\u00e9rias perfeitas est\u00e3o a v\u00e1rios cliques de dist\u00e2ncia!","rel":"","context":"Similar post","img":{"alt_text":"all homes","src":"https:\/\/i0.wp.com\/portugalestateholidays.com\/wp-content\/uploads\/2017\/06\/Depositphotos_6231054_original.jpg?resize=350%2C200&ssl=1","width":350,"height":200},"classes":[]},{"id":1269,"url":"https:\/\/portugalestateholidays.com\/pt-pt\/pagina-principal\/","url_meta":{"origin":1877,"position":1},"title":"Especialista em arrendamento de vivendas e apartamentos para as suas f\u00e9rias","date":"02.03.2020","format":false,"excerpt":"O PortugalEstateHolidays oferece diversas moradias e apartamentos em diferentes regi\u00f5es para ajud\u00e1-lo a passar as f\u00e9rias dos seus sonhos. Reserve a sua casa ou o apartamento on-line com rapidez e seguran\u00e7a. Guest Reviews [testimonials columns=\"3\"]","rel":"","context":"Similar post","img":{"alt_text":"","src":"https:\/\/i0.wp.com\/portugalestateholidays.com\/wp-content\/uploads\/2021\/04\/Logo-PEH-Google-Facebook.jpg?resize=350%2C200&ssl=1","width":350,"height":200},"classes":[]},{"id":1851,"url":"https:\/\/portugalestateholidays.com\/pt\/","url_meta":{"origin":1877,"position":2},"title":"Especialista em arrendamento de vivendas e apartamentos para as suas f\u00e9rias","date":"23.03.2021","format":false,"excerpt":"PortugalEstateHolidays prop\u00f5e diversas vivendas e apartamentos em diferentes zonas e praias para ajud\u00e1-lo a passar as f\u00e9rias dos Seus sonhos. Casa de F\u00e9rias no Algarve\u00a0pode encontrar aqui. Reserve a Sua vivenda ou apartamento online de forma r\u00e1pida e segura. Passe as Suas f\u00e9rias no Algarve com conforto e seguran\u00e7a. Escolha\u2026","rel":"","context":"Similar post","img":{"alt_text":"","src":"https:\/\/i0.wp.com\/portugalestateholidays.com\/wp-content\/uploads\/2021\/04\/Logo-PEH-Google-Facebook.jpg?resize=350%2C200&ssl=1","width":350,"height":200},"classes":[]}],"amp_enabled":false,"_links":{"self":[{"href":"https:\/\/portugalestateholidays.com\/pt\/wp-json\/wp\/v2\/pages\/1877"}],"collection":[{"href":"https:\/\/portugalestateholidays.com\/pt\/wp-json\/wp\/v2\/pages"}],"about":[{"href":"https:\/\/portugalestateholidays.com\/pt\/wp-json\/wp\/v2\/types\/page"}],"author":[{"embeddable":true,"href":"https:\/\/portugalestateholidays.com\/pt\/wp-json\/wp\/v2\/users\/1"}],"replies":[{"embeddable":true,"href":"https:\/\/portugalestateholidays.com\/pt\/wp-json\/wp\/v2\/comments?post=1877"}],"version-history":[{"count":3,"href":"https:\/\/portugalestateholidays.com\/pt\/wp-json\/wp\/v2\/pages\/1877\/revisions"}],"predecessor-version":[{"id":1885,"href":"https:\/\/portugalestateholidays.com\/pt\/wp-json\/wp\/v2\/pages\/1877\/revisions\/1885"}],"wp:featuredmedia":[{"embeddable":true,"href":"https:\/\/portugalestateholidays.com\/pt\/wp-json\/wp\/v2\/media\/1879"}],"wp:attachment":[{"href":"https:\/\/portugalestateholidays.com\/pt\/wp-json\/wp\/v2\/media?parent=1877"}],"curies":[{"name":"wp","href":"https:\/\/api.w.org\/{rel}","templated":true}]}}