{"id":1886,"date":"2021-03-23T17:39:17","date_gmt":"2021-03-23T17:39:17","guid":{"rendered":"https:\/\/portugalestateholidays.com\/resultados-da-pesquisa\/"},"modified":"2021-03-23T17:39:20","modified_gmt":"2021-03-23T17:39:20","slug":"resultados-da-pesquisa","status":"publish","type":"page","link":"https:\/\/portugalestateholidays.com\/pt\/resultados-da-pesquisa\/","title":{"rendered":"Resultados da pesquisa"},"content":{"rendered":"\n<div class=\"mphb_sc_search_results-wrapper \">\r\n<div class=\"mphb-errors-wrapper\">\r\r\n\t\r\n<\/div>\r\r\n\r\r\n<\/div>\n","protected":false},"excerpt":{"rendered":"","protected":false},"author":1,"featured_media":2343,"parent":0,"menu_order":0,"comment_status":"closed","ping_status":"closed","template":"","meta":{"spay_email":""},"aioseo_notices":[],"jetpack-related-posts":[{"id":1303,"url":"https:\/\/portugalestateholidays.com\/pt-pt\/resultados-da-pesquisa\/","url_meta":{"origin":1886,"position":0},"title":"Resultados da pesquisa","date":"02.03.2020","format":false,"excerpt":"","rel":"","context":"Similar post","img":{"alt_text":"","src":"https:\/\/i0.wp.com\/portugalestateholidays.com\/wp-content\/uploads\/2017\/06\/Envolvente-2.jpg?resize=350%2C200&ssl=1","width":350,"height":200},"classes":[]},{"id":1305,"url":"https:\/\/portugalestateholidays.com\/fr\/resultats-de-recherche\/","url_meta":{"origin":1886,"position":1},"title":"R\u00e9sultats de recherche","date":"02.03.2020","format":false,"excerpt":"","rel":"","context":"Similar post","img":{"alt_text":"","src":"https:\/\/i0.wp.com\/portugalestateholidays.com\/wp-content\/uploads\/2017\/06\/Envolvente-2.jpg?resize=350%2C200&ssl=1","width":350,"height":200},"classes":[]},{"id":6,"url":"https:\/\/portugalestateholidays.com\/search-results\/","url_meta":{"origin":1886,"position":2},"title":"Properties available for holidays in the Algarve","date":"08.06.2017","format":false,"excerpt":"Booking your dream villa or apartment with PortugalEstateHolidays company is really fast and safe. Just set check-in and check-out dates, view the description, choose your villa, provide details for reservation and pay online! Your perfect vacation is several clicks away! Properties available for holidays in the Algarve.","rel":"","context":"Similar post","img":{"alt_text":"","src":"https:\/\/i0.wp.com\/portugalestateholidays.com\/wp-content\/uploads\/2017\/06\/Envolvente-2.jpg?resize=350%2C200&ssl=1","width":350,"height":200},"classes":[]},{"id":1301,"url":"https:\/\/portugalestateholidays.com\/ru\/%d1%80%d0%b5%d0%b7%d1%83%d0%bb%d1%8c%d1%82%d0%b0%d1%82%d1%8b-%d0%bf%d0%be%d0%b8%d1%81%d0%ba%d0%b0\/","url_meta":{"origin":1886,"position":3},"title":"\u0420\u0435\u0437\u0443\u043b\u044c\u0442\u0430\u0442\u044b \u043f\u043e\u0438\u0441\u043a\u0430","date":"02.03.2020","format":false,"excerpt":"","rel":"","context":"Similar post","img":{"alt_text":"","src":"https:\/\/i0.wp.com\/portugalestateholidays.com\/wp-content\/uploads\/2017\/06\/Envolvente-2.jpg?resize=350%2C200&ssl=1","width":350,"height":200},"classes":[]},{"id":47,"url":"https:\/\/portugalestateholidays.com\/home\/","url_meta":{"origin":1886,"position":4},"title":"The villa and apartment rental expert for your vacation. Algarve Vacation Rentals","date":"09.06.2017","format":false,"excerpt":"PortugalEstateHolidays offers diverse\u00a0 villas and apartments in different regions to help you spend your dream vacation. Algarve Vacation Rentals You can find here. Book your villa or apartment online quickly and safely. Spend your holidays in the Algarve in comfort and safety. Choose your favorite beach, as well as Praia\u2026","rel":"","context":"Similar post","img":{"alt_text":"","src":"https:\/\/i0.wp.com\/portugalestateholidays.com\/wp-content\/uploads\/2021\/04\/Logo-PEH-Google-Facebook.jpg?resize=350%2C200&ssl=1","width":350,"height":200},"classes":[]},{"id":1851,"url":"https:\/\/portugalestateholidays.com\/pt\/","url_meta":{"origin":1886,"position":5},"title":"Especialista em arrendamento de vivendas e apartamentos para as suas f\u00e9rias","date":"23.03.2021","format":false,"excerpt":"PortugalEstateHolidays prop\u00f5e diversas vivendas e apartamentos em diferentes zonas e praias para ajud\u00e1-lo a passar as f\u00e9rias dos Seus sonhos. Casa de F\u00e9rias no Algarve\u00a0pode encontrar aqui. Reserve a Sua vivenda ou apartamento online de forma r\u00e1pida e segura. Passe as Suas f\u00e9rias no Algarve com conforto e seguran\u00e7a. Escolha\u2026","rel":"","context":"Similar post","img":{"alt_text":"","src":"https:\/\/i0.wp.com\/portugalestateholidays.com\/wp-content\/uploads\/2021\/04\/Logo-PEH-Google-Facebook.jpg?resize=350%2C200&ssl=1","width":350,"height":200},"classes":[]}],"amp_enabled":true,"_links":{"self":[{"href":"https:\/\/portugalestateholidays.com\/pt\/wp-json\/wp\/v2\/pages\/1886"}],"collection":[{"href":"https:\/\/portugalestateholidays.com\/pt\/wp-json\/wp\/v2\/pages"}],"about":[{"href":"https:\/\/portugalestateholidays.com\/pt\/wp-json\/wp\/v2\/types\/page"}],"author":[{"embeddable":true,"href":"https:\/\/portugalestateholidays.com\/pt\/wp-json\/wp\/v2\/users\/1"}],"replies":[{"embeddable":true,"href":"https:\/\/portugalestateholidays.com\/pt\/wp-json\/wp\/v2\/comments?post=1886"}],"version-history":[{"count":3,"href":"https:\/\/portugalestateholidays.com\/pt\/wp-json\/wp\/v2\/pages\/1886\/revisions"}],"predecessor-version":[{"id":1889,"href":"https:\/\/portugalestateholidays.com\/pt\/wp-json\/wp\/v2\/pages\/1886\/revisions\/1889"}],"wp:featuredmedia":[{"embeddable":true,"href":"https:\/\/portugalestateholidays.com\/pt\/wp-json\/wp\/v2\/media\/2343"}],"wp:attachment":[{"href":"https:\/\/portugalestateholidays.com\/pt\/wp-json\/wp\/v2\/media?parent=1886"}],"curies":[{"name":"wp","href":"https:\/\/api.w.org\/{rel}","templated":true}]}}