{"id":5736,"date":"2021-04-19T11:01:44","date_gmt":"2021-04-19T10:01:44","guid":{"rendered":"https:\/\/portugalestateholidays.com\/contate-nos-351-965-612-057-infoportugalestateholidays-com\/"},"modified":"2026-02-04T16:51:38","modified_gmt":"2026-02-04T16:51:38","slug":"contate-nos","status":"publish","type":"page","link":"https:\/\/portugalestateholidays.com\/pt\/contate-nos\/","title":{"rendered":"Contate-Nos: +351 965 612 057 \/ peportugalpt@gmail.com"},"content":{"rendered":"\n<p class=\"has-text-align-center\"><strong>Nosso escrit\u00f3rio na Praia da Rocha:<\/strong><\/p>\n\n\n\n<p class=\"has-text-align-center\">Rua do Sol, Lote 4, Ed. Elite Residence, Loja E, 8500-801 Portim\u00e3o<\/p>\n\n\n\n<p class=\"has-text-align-center\"><strong>+351 965 612 057<\/strong><\/p>\n\n\n\n<p class=\"has-text-align-center\"><a href=\"mailto:info@portugalestate.pt\" title=\"\">info@portugalestate<\/a>.pt<\/p>\n\n\n<div class=\"mp-row-fluid motopress-row mpce-dsbl-margin-left mpce-dsbl-margin-right\">\n<div class=\"motopress-clmn mp-span12  mpce-dsbl-margin-left mpce-dsbl-margin-right\">\n<div class=\"mpce-gma-wrapper \"style=\"min-height:300px\"><div class=\"mpce-gma-map-canvas\"  data-type=\"HYBRID\" data-scrollwheel=\"true\" data-draggable=\"true\" data-disable-default-ui=\"false\" data-zoom=\"15\" data-map-style=\"default\"><\/div><div class=\"mpce-gma-markers\" style=\"display: none;\">\n<div class=\"mpce-gma-marker \"  data-title=\"Algarve Vacation Rentals - PortugalEstateHolidays\" data-address-type=\"latlng\" data-address=\"37.11975065436682, -8.542788792666135\" data-lat-lng=\"{&quot;lat&quot;:37.11975065436682,&quot;lng&quot;:-8.542788792666135}\" data-icon-type=\"default\"><h2>Algarve Vacation Rentals - PortugalEstateHolidays<\/h2>\n<p>Address: Rua do Sol, Lote 4, Edif\u00edcio Elite Residence, Loja E, 8500-801 Portim\u00e3o, Algarve, Portugal<br \/>\nPhone: +351 965 612 057<br \/>\nE-mail: peportugalpt@gmail.com<br \/>\nHours: 10:00 &#8211; 19:00<\/p><div class=\"mpce-gma-marker-link-wrapprer\"><a href=\"https:\/\/portugalestateholidays.com\/\" class=\"mpce-gma-marker-link\">Read more<\/a><\/div><\/div>\n<\/div><\/div>\n<\/div>\n<\/div>\n\n\n\n<p><\/p>\n","protected":false},"excerpt":{"rendered":"Nosso escrit\u00f3rio na Praia da Rocha: Rua do Sol, Lote 4, Ed. Elite Residence, Loja E, 8500-801 Portim\u00e3o +351 965 612 057 info@portugalestate.pt","protected":false},"author":1,"featured_media":5652,"parent":0,"menu_order":0,"comment_status":"closed","ping_status":"closed","template":"","meta":{"spay_email":""},"aioseo_notices":[],"jetpack-related-posts":[{"id":5730,"url":"https:\/\/portugalestateholidays.com\/%d1%81%d0%b2%d1%8f%d0%b6%d0%b8%d1%82%d0%b5%d1%81%d1%8c-%d1%81-%d0%bd%d0%b0%d0%bc%d0%b8-351-965-612-057-infoportugalestateholidays-com-2\/","url_meta":{"origin":5736,"position":0},"title":"\u0421\u0432\u044f\u0436\u0438\u0442\u0435\u0441\u044c \u0441 \u043d\u0430\u043c\u0438: +351 965 612 057 \/ info@portugalestateholidays.com","date":"19.04.2021","format":false,"excerpt":"Our office in Praia da Rocha: Rua do Sol, Lote 4, Ed. Elite Residence, Loja E, 8500-801 Portim\u00e3o +351 965 612 057 info@portugalestateholidays.com Our office in Center of Portim\u00e3o: Largo do Dique, Ed. Casa do Rio, Loja A, 8500-531 Portim\u00e3o +351 969 427 845 info@portugalestate.pt","rel":"","context":"Similar post","img":{"alt_text":"","src":"","width":0,"height":0},"classes":[]},{"id":5563,"url":"https:\/\/portugalestateholidays.com\/contact-us\/","url_meta":{"origin":5736,"position":1},"title":"Contact Us: +351 965 612 057 \/ peportugalpt@gmail.com","date":"10.04.2021","format":false,"excerpt":"Our office in Praia da Rocha: Rua do Sol, Lote 4, Ed. Elite Residence, Loja E, 8500-801 Portim\u00e3o +351 965 612 057 info@portugalestate.pt","rel":"","context":"Similar post","img":{"alt_text":"","src":"https:\/\/i0.wp.com\/portugalestateholidays.com\/wp-content\/uploads\/2021\/04\/Logo-PEH-Google-Facebook.jpg?resize=350%2C200&ssl=1","width":350,"height":200},"classes":[]},{"id":5566,"url":"https:\/\/portugalestateholidays.com\/fr\/nous-contacter\/","url_meta":{"origin":5736,"position":2},"title":"Nous contacter: +351 965 612 057 \/ peportugalpt@gmail.com","date":"10.04.2021","format":false,"excerpt":"Notre bureau \u00e0 Praia da Rocha: Rua do Sol, Lote 4, Ed. Elite Residence, Loja E, 8500-801 Portim\u00e3o +351 965 612 057 info@portugalestate.pt","rel":"","context":"Similar post","img":{"alt_text":"","src":"https:\/\/i0.wp.com\/portugalestateholidays.com\/wp-content\/uploads\/2021\/04\/Logo-PEH-Google-Facebook.jpg?resize=350%2C200&ssl=1","width":350,"height":200},"classes":[]},{"id":5731,"url":"https:\/\/portugalestateholidays.com\/ru\/%d1%81%d0%b2%d1%8f%d0%b6%d0%b8%d1%82%d0%b5%d1%81%d1%8c-%d1%81-%d0%bd%d0%b0%d0%bc%d0%b8\/","url_meta":{"origin":5736,"position":3},"title":"\u0421\u0432\u044f\u0436\u0438\u0442\u0435\u0441\u044c \u0441 \u043d\u0430\u043c\u0438: +351 965 612 057 \/ peportugalpt@gmail.com","date":"19.04.2021","format":false,"excerpt":"\u041d\u0430\u0448 \u043e\u0444\u0438\u0441 \u0432\u0431\u043b\u0438\u0437\u0438 \u043f\u043b\u044f\u0436\u0430 \u041f\u0440\u0430\u0439\u044f \u0434\u044d \u0420\u043e\u0448\u0430: Rua do Sol, Lote 4, Ed. Elite Residence, Loja E, 8500-801 Portim\u00e3o +351 965 612 057 info@portugalestate.pt","rel":"","context":"Similar post","img":{"alt_text":"","src":"https:\/\/i0.wp.com\/portugalestateholidays.com\/wp-content\/uploads\/2021\/04\/Logo-PEH-Google-Facebook.jpg?resize=350%2C200&ssl=1","width":350,"height":200},"classes":[]},{"id":47,"url":"https:\/\/portugalestateholidays.com\/home\/","url_meta":{"origin":5736,"position":4},"title":"The villa and apartment rental expert for your vacation. Algarve Vacation Rentals","date":"09.06.2017","format":false,"excerpt":"PortugalEstateHolidays offers diverse\u00a0 villas and apartments in different regions to help you spend your dream vacation. Algarve Vacation Rentals You can find here. Book your villa or apartment online quickly and safely. Spend your holidays in the Algarve in comfort and safety. Choose your favorite beach, as well as Praia\u2026","rel":"","context":"Similar post","img":{"alt_text":"","src":"https:\/\/i0.wp.com\/portugalestateholidays.com\/wp-content\/uploads\/2021\/04\/Logo-PEH-Google-Facebook.jpg?resize=350%2C200&ssl=1","width":350,"height":200},"classes":[]},{"id":1133,"url":"https:\/\/portugalestateholidays.com\/portugal\/","url_meta":{"origin":5736,"position":5},"title":"Portugal","date":"30.10.2019","format":false,"excerpt":"Portugal\u00a0(Portuguese:\u00a0[pu\u027etu\u02c8\u0263al]), officially the\u00a0Portuguese Republic\u00a0(Portuguese:\u00a0Rep\u00fablica Portuguesa\u00a0[\u0281\u025b\u02c8pu\u03b2lik\u0250 pu\u027etu\u02c8\u0263ez\u0250]),[note 5]\u00a0is a country located mostly on the\u00a0Iberian Peninsula\u00a0in\u00a0southwestern Europe. It is the westernmost\u00a0sovereign state\u00a0of\u00a0mainland Europe, being bordered to the west and south by the\u00a0Atlantic Ocean\u00a0and to the north and east by\u00a0Spain. Its territory also includes the Atlantic\u00a0archipelagos\u00a0of the\u00a0Azores\u00a0and\u00a0Madeira, both\u00a0autonomous regions\u00a0with their own\u00a0regional governments.Portugal is\u2026","rel":"","context":"Similar post","img":{"alt_text":"","src":"https:\/\/upload.wikimedia.org\/wikipedia\/commons\/thumb\/a\/a0\/EU-Portugal_with_islands_circled.svg\/250px-EU-Portugal_with_islands_circled.svg.png","width":350,"height":200},"classes":[]}],"amp_enabled":true,"_links":{"self":[{"href":"https:\/\/portugalestateholidays.com\/pt\/wp-json\/wp\/v2\/pages\/5736"}],"collection":[{"href":"https:\/\/portugalestateholidays.com\/pt\/wp-json\/wp\/v2\/pages"}],"about":[{"href":"https:\/\/portugalestateholidays.com\/pt\/wp-json\/wp\/v2\/types\/page"}],"author":[{"embeddable":true,"href":"https:\/\/portugalestateholidays.com\/pt\/wp-json\/wp\/v2\/users\/1"}],"replies":[{"embeddable":true,"href":"https:\/\/portugalestateholidays.com\/pt\/wp-json\/wp\/v2\/comments?post=5736"}],"version-history":[{"count":6,"href":"https:\/\/portugalestateholidays.com\/pt\/wp-json\/wp\/v2\/pages\/5736\/revisions"}],"predecessor-version":[{"id":110922,"href":"https:\/\/portugalestateholidays.com\/pt\/wp-json\/wp\/v2\/pages\/5736\/revisions\/110922"}],"wp:featuredmedia":[{"embeddable":true,"href":"https:\/\/portugalestateholidays.com\/pt\/wp-json\/wp\/v2\/media\/5652"}],"wp:attachment":[{"href":"https:\/\/portugalestateholidays.com\/pt\/wp-json\/wp\/v2\/media?parent=5736"}],"curies":[{"name":"wp","href":"https:\/\/api.w.org\/{rel}","templated":true}]}}