{"id":5993,"date":"2021-05-21T19:05:40","date_gmt":"2021-05-21T18:05:40","guid":{"rendered":"https:\/\/portugalestateholidays.com\/pedido-pagamento\/"},"modified":"2021-05-21T19:05:40","modified_gmt":"2021-05-21T18:05:40","slug":"pedido-pagamento","status":"publish","type":"page","link":"https:\/\/portugalestateholidays.com\/pt\/pedido-pagamento\/","title":{"rendered":"Pedido de Pagamento"},"content":{"rendered":"<div class=\"mphb_sc_payment_request_checkout-wrapper\"><p>Sorry, but no booking was found.<\/p><\/div>\n","protected":false},"excerpt":{"rendered":"","protected":false},"author":1,"featured_media":5988,"parent":0,"menu_order":0,"comment_status":"closed","ping_status":"closed","template":"","meta":{"spay_email":""},"aioseo_notices":[],"jetpack-related-posts":[{"id":5994,"url":"https:\/\/portugalestateholidays.com\/fr\/demande-paiement\/","url_meta":{"origin":5993,"position":0},"title":"Demande de paiement","date":"21.05.2021","format":false,"excerpt":"","rel":"","context":"Similar post","img":{"alt_text":"","src":"https:\/\/i0.wp.com\/portugalestateholidays.com\/wp-content\/uploads\/2021\/05\/Payment-Requests.png?resize=350%2C200&ssl=1","width":350,"height":200},"classes":[]},{"id":5072,"url":"https:\/\/portugalestateholidays.com\/payment-request\/","url_meta":{"origin":5993,"position":1},"title":"Payment Request","date":"26.03.2021","format":false,"excerpt":"","rel":"","context":"Similar post","img":{"alt_text":"","src":"https:\/\/i0.wp.com\/portugalestateholidays.com\/wp-content\/uploads\/2021\/05\/Payment-Requests.png?resize=350%2C200&ssl=1","width":350,"height":200},"classes":[]},{"id":5995,"url":"https:\/\/portugalestateholidays.com\/ru\/%d0%b7%d0%b0%d0%bf%d1%80%d0%be%d1%81-%d0%be%d0%bf%d0%bb%d0%b0%d1%82%d1%8b\/","url_meta":{"origin":5993,"position":2},"title":"\u0417\u0430\u043f\u0440\u043e\u0441 \u043d\u0430 \u043e\u043f\u043b\u0430\u0442\u0443","date":"21.05.2021","format":false,"excerpt":"","rel":"","context":"Similar post","img":{"alt_text":"","src":"https:\/\/i0.wp.com\/portugalestateholidays.com\/wp-content\/uploads\/2021\/05\/Payment-Requests.png?resize=350%2C200&ssl=1","width":350,"height":200},"classes":[]},{"id":1869,"url":"https:\/\/portugalestateholidays.com\/pt\/confirmacao-de-reserva\/pagina-de-cancelamento-de-reserva\/","url_meta":{"origin":5993,"position":3},"title":"P\u00e1gina de cancelamento de reserva","date":"23.03.2021","format":false,"excerpt":"A Sua reserva foi cancelada.","rel":"","context":"Similar post","img":{"alt_text":"","src":"","width":0,"height":0},"classes":[]},{"id":1283,"url":"https:\/\/portugalestateholidays.com\/pt-pt\/atividades\/excursao-de-barco-em-capri-saindo-de-sorrento\/","url_meta":{"origin":5993,"position":4},"title":"Excurs\u00e3o de barco em Capri saindo de Sorrento","date":"02.03.2020","format":false,"excerpt":"Uma divers\u00e3o de barco e passeios? Descubra a fascinante ilha de Capri em um passeio de barco de dia inteiro partindo de Sorrento todos os dias! Para os visitantes da nossa vila, h\u00e1 ainda mais b\u00f4nus! <!--more--> Navegue pela ilha para apreciar vistas de forma\u00e7\u00f5es costeiras \u00fanicas, como as Grutas\u2026","rel":"","context":"Similar post","img":{"alt_text":"","src":"https:\/\/i0.wp.com\/portugalestateholidays.com\/wp-content\/uploads\/2017\/06\/Depositphotos_76816855_original.jpg?resize=350%2C200&ssl=1","width":350,"height":200},"classes":[]},{"id":1297,"url":"https:\/\/portugalestateholidays.com\/fr\/trouvez-votre-maison\/","url_meta":{"origin":5993,"position":5},"title":"Trouvez votre maison","date":"02.03.2020","format":false,"excerpt":"R\u00e9server votre villa ou appartement de r\u00eave avec la soci\u00e9t\u00e9 PortugalEstateHolidays est vraiment rapide et s\u00fbr. Il vous suffit de d\u00e9finir les dates d'arriv\u00e9e et de d\u00e9part, de consulter la description, de choisir votre villa, de fournir les d\u00e9tails de la r\u00e9servation et de payer en ligne! Vos vacances parfaites\u2026","rel":"","context":"Similar post","img":{"alt_text":"all homes","src":"https:\/\/i0.wp.com\/portugalestateholidays.com\/wp-content\/uploads\/2017\/06\/Depositphotos_6231054_original.jpg?resize=350%2C200&ssl=1","width":350,"height":200},"classes":[]}],"amp_enabled":true,"_links":{"self":[{"href":"https:\/\/portugalestateholidays.com\/pt\/wp-json\/wp\/v2\/pages\/5993"}],"collection":[{"href":"https:\/\/portugalestateholidays.com\/pt\/wp-json\/wp\/v2\/pages"}],"about":[{"href":"https:\/\/portugalestateholidays.com\/pt\/wp-json\/wp\/v2\/types\/page"}],"author":[{"embeddable":true,"href":"https:\/\/portugalestateholidays.com\/pt\/wp-json\/wp\/v2\/users\/1"}],"replies":[{"embeddable":true,"href":"https:\/\/portugalestateholidays.com\/pt\/wp-json\/wp\/v2\/comments?post=5993"}],"version-history":[{"count":0,"href":"https:\/\/portugalestateholidays.com\/pt\/wp-json\/wp\/v2\/pages\/5993\/revisions"}],"wp:featuredmedia":[{"embeddable":true,"href":"https:\/\/portugalestateholidays.com\/pt\/wp-json\/wp\/v2\/media\/5988"}],"wp:attachment":[{"href":"https:\/\/portugalestateholidays.com\/pt\/wp-json\/wp\/v2\/media?parent=5993"}],"curies":[{"name":"wp","href":"https:\/\/api.w.org\/{rel}","templated":true}]}}